{"id":11254,"date":"2026-03-26T10:09:47","date_gmt":"2026-03-26T08:09:47","guid":{"rendered":""},"modified":"2026-03-26T10:09:48","modified_gmt":"2026-03-26T08:09:48","slug":"open-house-survey","status":"publish","type":"page","link":"https:\/\/lyceebalzac.com\/en\/open-house-survey\/","title":{"rendered":"Open day Survey"},"content":{"rendered":"<div class=\"frm_forms  with_frm_style frm_style_formidable-style\" id=\"frm_form_13_container\" data-token=\"dce0d437c0daf11df7d04d6c0986bfee\">\n<form enctype=\"multipart\/form-data\" method=\"post\" class=\"frm-show-form  frm_js_validate  frm_ajax_submit  frm_pro_form \" id=\"form_cemjp\" data-token=\"dce0d437c0daf11df7d04d6c0986bfee\">\n<div class=\"frm_form_fields \">\n<fieldset>\n<legend class=\"frm_screen_reader\">Sondage Journ\u00e9e Portes Ouvertes<\/legend>\r\n<h3 class=\"frm_form_title\">Sondage Journ\u00e9e Portes Ouvertes<\/h3>\r\n<div class=\"frm_fields_container\">\n<input type=\"hidden\" name=\"frm_action\" value=\"create\" \/>\n<input type=\"hidden\" name=\"form_id\" value=\"13\" \/>\n<input type=\"hidden\" name=\"frm_hide_fields_13\" id=\"frm_hide_fields_13\" value=\"\" \/>\n<input type=\"hidden\" name=\"form_key\" value=\"cemjp\" \/>\n<input type=\"hidden\" name=\"item_meta[0]\" value=\"\" \/>\n<input type=\"hidden\" id=\"frm_submit_entry_13\" name=\"frm_submit_entry_13\" value=\"b5d36eb279\" \/><input type=\"hidden\" name=\"_wp_http_referer\" value=\"\/en\/wp-json\/wp\/v2\/pages\/11254\" \/><div id=\"frm_field_416_container\" class=\"frm_form_field form-field  frm_required_field frm_top_container\">\r\n\t<label for=\"field_40c39\" id=\"field_40c39_label\" class=\"frm_primary_label\">nom et pr\u00e9nom\r\n\t\t<span class=\"frm_required\" aria-hidden=\"true\">*<\/span>\r\n\t<\/label>\r\n\t<input  type=\"text\" id=\"field_40c39\" name=\"item_meta[416]\" value=\"\"  data-reqmsg=\"Le champ nom et pr\u00e9nom ne peut pas \u00eatre vide.\" aria-required=\"true\" data-invmsg=\"nom et pr\u00e9nom is invalid\" aria-invalid=\"false\"   \/>\r\n\t\r\n\t\r\n<\/div>\n<div id=\"frm_field_412_container\" class=\"frm_form_field form-field  frm_required_field frm_top_container vertical_radio\">\r\n\t<div  id=\"field_kpbrq_label\" class=\"frm_primary_label\">Comment \u00e9valueriez-vous votre  exp\u00e9rience globale lors de la Journ\u00e9e Portes Ouvertes ?\r\n\t\t<span class=\"frm_required\" aria-hidden=\"true\">*<\/span>\r\n\t<\/div>\r\n\t<div class=\"frm_opt_container\" aria-labelledby=\"field_kpbrq_label\" role=\"radiogroup\" aria-required=\"true\">\t\t<div class=\"frm_radio\" id=\"frm_radio_412-0\">\t\t\t<label  for=\"field_kpbrq-0\">\n\t\t\t\t\t<input type=\"radio\" name=\"item_meta[412]\" id=\"field_kpbrq-0\" value=\"Excellente\"\n\t\t data-reqmsg=\"Le champ Comment \u00e9valueriez-vous votre  exp\u00e9rience globale lors de la Journ\u00e9e Portes Ouvertes ? ne peut pas \u00eatre vide.\" data-invmsg=\"Comment \u00e9valueriez-vous votre  exp\u00e9rience globale lors de la Journ\u00e9e Portes Ouvertes ? is invalid\"   \/> Excellente<\/label><\/div>\n\t\t<div class=\"frm_radio\" id=\"frm_radio_412-1\">\t\t\t<label  for=\"field_kpbrq-1\">\n\t\t\t\t\t<input type=\"radio\" name=\"item_meta[412]\" id=\"field_kpbrq-1\" value=\"Tr\u00e8s bien\"\n\t\t data-reqmsg=\"Le champ Comment \u00e9valueriez-vous votre  exp\u00e9rience globale lors de la Journ\u00e9e Portes Ouvertes ? ne peut pas \u00eatre vide.\" data-invmsg=\"Comment \u00e9valueriez-vous votre  exp\u00e9rience globale lors de la Journ\u00e9e Portes Ouvertes ? is invalid\"   \/> Tr\u00e8s bien<\/label><\/div>\n\t\t<div class=\"frm_radio\" id=\"frm_radio_412-2\">\t\t\t<label  for=\"field_kpbrq-2\">\n\t\t\t\t\t<input type=\"radio\" name=\"item_meta[412]\" id=\"field_kpbrq-2\" value=\"Bien\"\n\t\t data-reqmsg=\"Le champ Comment \u00e9valueriez-vous votre  exp\u00e9rience globale lors de la Journ\u00e9e Portes Ouvertes ? ne peut pas \u00eatre vide.\" data-invmsg=\"Comment \u00e9valueriez-vous votre  exp\u00e9rience globale lors de la Journ\u00e9e Portes Ouvertes ? is invalid\"   \/> Bien<\/label><\/div>\n\t\t<div class=\"frm_radio\" id=\"frm_radio_412-3\">\t\t\t<label  for=\"field_kpbrq-3\">\n\t\t\t\t\t<input type=\"radio\" name=\"item_meta[412]\" id=\"field_kpbrq-3\" value=\"Passable\"\n\t\t data-reqmsg=\"Le champ Comment \u00e9valueriez-vous votre  exp\u00e9rience globale lors de la Journ\u00e9e Portes Ouvertes ? ne peut pas \u00eatre vide.\" data-invmsg=\"Comment \u00e9valueriez-vous votre  exp\u00e9rience globale lors de la Journ\u00e9e Portes Ouvertes ? is invalid\"   \/> Passable<\/label><\/div>\n\t\t<div class=\"frm_radio\" id=\"frm_radio_412-4\">\t\t\t<label  for=\"field_kpbrq-4\">\n\t\t\t\t\t<input type=\"radio\" name=\"item_meta[412]\" id=\"field_kpbrq-4\" value=\"Mauvaise\"\n\t\t data-reqmsg=\"Le champ Comment \u00e9valueriez-vous votre  exp\u00e9rience globale lors de la Journ\u00e9e Portes Ouvertes ? ne peut pas \u00eatre vide.\" data-invmsg=\"Comment \u00e9valueriez-vous votre  exp\u00e9rience globale lors de la Journ\u00e9e Portes Ouvertes ? is invalid\"   \/> Mauvaise<\/label><\/div>\n<\/div>\r\n\t\r\n\t\r\n<\/div>\n<div id=\"frm_field_414_container\" class=\"frm_form_field form-field  frm_required_field frm_top_container vertical_radio frm_other_container\">\r\n\t<div  id=\"field_80eax_label\" class=\"frm_primary_label\">2. Quelle partie de la Journ\u00e9e Portes Ouvertes avez-vous trouv\u00e9e la plus utile ?\r\n\t\t<span class=\"frm_required\" aria-hidden=\"true\">*<\/span>\r\n\t<\/div>\r\n\t<div class=\"frm_opt_container\" aria-labelledby=\"field_80eax_label\" role=\"group\">\t\t<div class=\"frm_checkbox\" id=\"frm_checkbox_414-0\">\t\t\t<label  for=\"field_80eax-0\">\n\t\t\t<input type=\"checkbox\" name=\"item_meta[414][]\" id=\"field_80eax-0\" value=\"La rencontre avec l\u2019\u00e9quipe de l\u2019\u00e9cole.\"  data-frmlimit=\"5\"  data-frmmin=\"1\"  data-reqmsg=\"Le champ 2. Quelle partie de la Journ\u00e9e Portes Ouvertes avez-vous trouv\u00e9e la plus utile ? ne peut pas \u00eatre vide.\" data-invmsg=\"2. Quelle partie de la Journ\u00e9e Portes Ouvertes avez-vous trouv\u00e9e la plus utile ? is invalid\"   aria-required=\"true\"  \/> La rencontre avec l\u2019\u00e9quipe de l\u2019\u00e9cole.<\/label><\/div>\n\t\t<div class=\"frm_checkbox\" id=\"frm_checkbox_414-1\">\t\t\t<label  for=\"field_80eax-1\">\n\t\t\t<input type=\"checkbox\" name=\"item_meta[414][]\" id=\"field_80eax-1\" value=\"La visite du campus.\"  data-frmlimit=\"5\"  data-frmmin=\"1\"  data-reqmsg=\"Le champ 2. Quelle partie de la Journ\u00e9e Portes Ouvertes avez-vous trouv\u00e9e la plus utile ? ne peut pas \u00eatre vide.\" data-invmsg=\"2. Quelle partie de la Journ\u00e9e Portes Ouvertes avez-vous trouv\u00e9e la plus utile ? is invalid\"   \/> La visite du campus.<\/label><\/div>\n\t\t<div class=\"frm_checkbox\" id=\"frm_checkbox_414-2\">\t\t\t<label  for=\"field_80eax-2\">\n\t\t\t<input type=\"checkbox\" name=\"item_meta[414][]\" id=\"field_80eax-2\" value=\"La d\u00e9couverte du programme scolaire.\"  data-frmlimit=\"5\"  data-frmmin=\"1\"  data-reqmsg=\"Le champ 2. Quelle partie de la Journ\u00e9e Portes Ouvertes avez-vous trouv\u00e9e la plus utile ? ne peut pas \u00eatre vide.\" data-invmsg=\"2. Quelle partie de la Journ\u00e9e Portes Ouvertes avez-vous trouv\u00e9e la plus utile ? is invalid\"   \/> La d\u00e9couverte du programme scolaire.<\/label><\/div>\n\t\t<div class=\"frm_checkbox\" id=\"frm_checkbox_414-3\">\t\t\t<label  for=\"field_80eax-3\">\n\t\t\t<input type=\"checkbox\" name=\"item_meta[414][]\" id=\"field_80eax-3\" value=\"La d\u00e9couverte des activit\u00e9s extrascolaires.\"  data-frmlimit=\"5\"  data-frmmin=\"1\"  data-reqmsg=\"Le champ 2. Quelle partie de la Journ\u00e9e Portes Ouvertes avez-vous trouv\u00e9e la plus utile ? ne peut pas \u00eatre vide.\" data-invmsg=\"2. Quelle partie de la Journ\u00e9e Portes Ouvertes avez-vous trouv\u00e9e la plus utile ? is invalid\"   \/> La d\u00e9couverte des activit\u00e9s extrascolaires.<\/label><\/div>\n\t\t<div class=\"frm_checkbox\" id=\"frm_checkbox_414-4\">\t\t\t<label  for=\"field_80eax-4\">\n\t\t\t<input type=\"checkbox\" name=\"item_meta[414][]\" id=\"field_80eax-4\" value=\"Les \u00e9changes avec les enseignants \/ le personnel.\"  data-frmlimit=\"5\"  data-frmmin=\"1\"  data-reqmsg=\"Le champ 2. Quelle partie de la Journ\u00e9e Portes Ouvertes avez-vous trouv\u00e9e la plus utile ? ne peut pas \u00eatre vide.\" data-invmsg=\"2. Quelle partie de la Journ\u00e9e Portes Ouvertes avez-vous trouv\u00e9e la plus utile ? is invalid\"   \/> Les \u00e9changes avec les enseignants \/ le personnel.<\/label><\/div>\n\t\t<div class=\"frm_checkbox\" id=\"frm_checkbox_414-other_5\">\t\t\t<label  for=\"field_80eax-other_5\">\n\t\t\t<input type=\"checkbox\" name=\"item_meta[414][other_5]\" id=\"field_80eax-other_5\" value=\"Autres\"  data-frmlimit=\"5\"  data-frmmin=\"1\"  data-reqmsg=\"Le champ 2. Quelle partie de la Journ\u00e9e Portes Ouvertes avez-vous trouv\u00e9e la plus utile ? ne peut pas \u00eatre vide.\" data-invmsg=\"2. Quelle partie de la Journ\u00e9e Portes Ouvertes avez-vous trouv\u00e9e la plus utile ? is invalid\"   \/> Autres<\/label><label for=\"field_80eax-other_5-otext\" class=\"frm_screen_reader frm_hidden\">Autres<\/label><input type=\"text\" id=\"field_80eax-other_5-otext\" class=\"frm_other_input frm_pos_none\"  name=\"item_meta[other][414][other_5]\" value=\"\" \/><\/div>\n<\/div>\r\n\t\r\n\t\r\n<\/div>\n<div id=\"frm_field_415_container\" class=\"frm_form_field form-field  frm_required_field frm_top_container\">\r\n\t<label for=\"field_cp4tr\" id=\"field_cp4tr_label\" class=\"frm_primary_label\">Que pourrions-nous am\u00e9liorer pour les prochaines Journ\u00e9es Portes Ouvertes ?\r\n\t\t<span class=\"frm_required\" aria-hidden=\"true\">*<\/span>\r\n\t<\/label>\r\n\t<textarea name=\"item_meta[415]\" id=\"field_cp4tr\" rows=\"4\"  data-reqmsg=\"Le champ Que pourrions-nous am\u00e9liorer pour les prochaines Journ\u00e9es Portes Ouvertes ? ne peut pas \u00eatre vide.\" aria-required=\"true\" data-invmsg=\"Que pourrions-nous am\u00e9liorer pour les prochaines Journ\u00e9es Portes Ouvertes ? is invalid\" aria-invalid=\"false\"  ><\/textarea>\r\n\t\r\n\t\r\n<\/div>\n<div id=\"frm_field_417_container\" class=\"frm_form_field form-field  frm_required_field frm_top_container vertical_radio\">\n\t<div  id=\"field_t9a43_label\" class=\"frm_primary_label\">Avez-vous obtenu toutes les informations n\u00e9cessaires pour prendre votre d\u00e9cision concernant le choix de l\u2019\u00e9cole ?\n\t\t<span class=\"frm_required\" aria-hidden=\"true\">*<\/span>\n\t<\/div>\n\t<div class=\"frm_opt_container\" aria-labelledby=\"field_t9a43_label\" role=\"radiogroup\" aria-required=\"true\">\t\t<div class=\"frm_radio\" id=\"frm_radio_417-0\">\t\t\t<label  for=\"field_t9a43-0\">\n\t\t\t\t\t<input type=\"radio\" name=\"item_meta[417]\" id=\"field_t9a43-0\" value=\"Oui\"\n\t\t data-reqmsg=\"Le champ Avez-vous obtenu toutes les informations n\u00e9cessaires pour prendre votre d\u00e9cision concernant le choix de l\u2019\u00e9cole ? ne peut pas \u00eatre vide.\" data-invmsg=\"Avez-vous obtenu toutes les informations n\u00e9cessaires pour prendre votre d\u00e9cision concernant le choix de l\u2019\u00e9cole ? is invalid\"   \/> Oui<\/label><\/div>\n\t\t<div class=\"frm_radio\" id=\"frm_radio_417-1\">\t\t\t<label  for=\"field_t9a43-1\">\n\t\t\t\t\t<input type=\"radio\" name=\"item_meta[417]\" id=\"field_t9a43-1\" value=\"Non\"\n\t\t data-reqmsg=\"Le champ Avez-vous obtenu toutes les informations n\u00e9cessaires pour prendre votre d\u00e9cision concernant le choix de l\u2019\u00e9cole ? ne peut pas \u00eatre vide.\" data-invmsg=\"Avez-vous obtenu toutes les informations n\u00e9cessaires pour prendre votre d\u00e9cision concernant le choix de l\u2019\u00e9cole ? is invalid\"   \/> Non<\/label><\/div>\n<\/div>\n\t\n\t\n<\/div>\n<div id=\"frm_field_418_container\" class=\"frm_form_field form-field  frm_top_container\">\n\t<label for=\"field_dhyyg\" id=\"field_dhyyg_label\" class=\"frm_primary_label\">Si non, quelles informations vous manquent ?\n\t\t<span class=\"frm_required\" aria-hidden=\"true\"><\/span>\n\t<\/label>\n\t<input  type=\"text\" id=\"field_dhyyg\" name=\"item_meta[418]\" value=\"\"  data-invmsg=\"Si non, quelles informations vous manquent ? is invalid\" aria-invalid=\"false\"   \/>\n\t\n\t\n<\/div>\n<div id=\"frm_field_407_container\" class=\"frm_form_field form-field \">\r\n\t<div class=\"frm_submit frm_flex\">\r\n<button class=\"frm_button_submit frm_final_submit\" type=\"submit\"  >Submit<\/button>\r\n\r\n\r\n\r\n<\/div>\r\n<\/div>\n\t<input type=\"hidden\" name=\"item_key\" value=\"\" \/>\n\t\t\t<div id=\"frm_field_467_container\">\n\t\t\t<label for=\"field_18u4k\" >\n\t\t\t\tIf you are human, leave this field blank.\t\t\t<\/label>\n\t\t\t<input  id=\"field_18u4k\" type=\"text\" class=\"frm_form_field form-field frm_verify\" name=\"item_meta[467]\" value=\"\"  \/>\n\t\t<\/div>\n\t\t<input name=\"frm_state\" type=\"hidden\" value=\"pzIDO1CeHrns+NVSAvdv3+KwS5MvVaI9t6x+7SOdt4ACJwZENaoBPBFENV4HJa7Z\" \/><\/div>\n<\/fieldset>\n<\/div>\n\n<\/form>\n<\/div>\n\n\n\n\n<p><\/p>\n","protected":false},"excerpt":{"rendered":"","protected":false},"author":1,"featured_media":0,"parent":0,"menu_order":0,"comment_status":"closed","ping_status":"closed","template":"","meta":{"footnotes":""},"class_list":["post-11254","page","type-page","status-publish","hentry"],"_links":{"self":[{"href":"https:\/\/lyceebalzac.com\/en\/wp-json\/wp\/v2\/pages\/11254","targetHints":{"allow":["GET"]}}],"collection":[{"href":"https:\/\/lyceebalzac.com\/en\/wp-json\/wp\/v2\/pages"}],"about":[{"href":"https:\/\/lyceebalzac.com\/en\/wp-json\/wp\/v2\/types\/page"}],"author":[{"embeddable":true,"href":"https:\/\/lyceebalzac.com\/en\/wp-json\/wp\/v2\/users\/1"}],"replies":[{"embeddable":true,"href":"https:\/\/lyceebalzac.com\/en\/wp-json\/wp\/v2\/comments?post=11254"}],"version-history":[{"count":0,"href":"https:\/\/lyceebalzac.com\/en\/wp-json\/wp\/v2\/pages\/11254\/revisions"}],"wp:attachment":[{"href":"https:\/\/lyceebalzac.com\/en\/wp-json\/wp\/v2\/media?parent=11254"}],"curies":[{"name":"wp","href":"https:\/\/api.w.org\/{rel}","templated":true}]}}