{"id":323,"date":"2023-02-11T13:22:27","date_gmt":"2023-02-11T13:22:27","guid":{"rendered":"http:\/\/localhost\/dlear\/?page_id=9"},"modified":"2025-11-19T11:59:56","modified_gmt":"2025-11-19T08:59:56","slug":"contact","status":"publish","type":"page","link":"https:\/\/lyceebalzac.com\/en\/contact\/","title":{"rendered":"Contact us"},"content":{"rendered":"\t\t<div data-elementor-type=\"wp-page\" data-elementor-id=\"323\" class=\"elementor elementor-323\" data-elementor-post-type=\"page\">\n\t\t\t\t\t\t<section class=\"elementor-section elementor-top-section elementor-element elementor-element-649f66c elementor-section-stretched elementor-section-boxed elementor-section-height-default elementor-section-height-default\" data-id=\"649f66c\" data-element_type=\"section\" data-e-type=\"section\" data-settings=\"{&quot;stretch_section&quot;:&quot;section-stretched&quot;}\">\n\t\t\t\t\t\t<div class=\"elementor-container elementor-column-gap-default\">\n\t\t\t\t\t<div class=\"elementor-column elementor-col-100 elementor-top-column elementor-element elementor-element-6fcade6\" data-id=\"6fcade6\" data-element_type=\"column\" data-e-type=\"column\">\n\t\t\t<div class=\"elementor-widget-wrap\">\n\t\t\t\t\t\t\t<\/div>\n\t\t<\/div>\n\t\t\t\t\t<\/div>\n\t\t<\/section>\n\t\t\t\t<section class=\"elementor-section elementor-top-section elementor-element elementor-element-2a05836 elementor-section-full_width elementor-section-stretched elementor-section-height-default elementor-section-height-default\" data-id=\"2a05836\" data-element_type=\"section\" data-e-type=\"section\" data-settings=\"{&quot;stretch_section&quot;:&quot;section-stretched&quot;}\">\n\t\t\t\t\t\t<div class=\"elementor-container elementor-column-gap-default\">\n\t\t\t\t\t<div class=\"elementor-column elementor-col-100 elementor-top-column elementor-element elementor-element-ebee7e8\" data-id=\"ebee7e8\" data-element_type=\"column\" data-e-type=\"column\">\n\t\t\t<div class=\"elementor-widget-wrap elementor-element-populated\">\n\t\t\t\t\t\t<section class=\"elementor-section elementor-inner-section elementor-element elementor-element-dba3a85 elementor-section-boxed elementor-section-height-default elementor-section-height-default\" data-id=\"dba3a85\" data-element_type=\"section\" data-e-type=\"section\">\n\t\t\t\t\t\t<div class=\"elementor-container elementor-column-gap-default\">\n\t\t\t\t\t<div class=\"elementor-column elementor-col-100 elementor-inner-column elementor-element elementor-element-6df05d7\" data-id=\"6df05d7\" data-element_type=\"column\" data-e-type=\"column\">\n\t\t\t<div class=\"elementor-widget-wrap elementor-element-populated\">\n\t\t\t\t\t\t<div class=\"elementor-element elementor-element-503b640 elementor-widget elementor-widget-back-core-heading\" data-id=\"503b640\" data-element_type=\"widget\" data-e-type=\"widget\" data-widget_type=\"back-core-heading.default\">\n\t\t\t\t<div class=\"elementor-widget-container\">\n\t\t\t\t\t        <div class=\"back-elementor-heading back-elementor-heading-default\">\r\n\t        \t\t\t<h2 class=\"title\">Contactez-nous<\/h2>        <\/div>\r\n\r\n        \t\t\t\t<\/div>\n\t\t\t\t<\/div>\n\t\t\t\t<div class=\"elementor-element elementor-element-ebfda7c elementor-widget elementor-widget-heading\" data-id=\"ebfda7c\" data-element_type=\"widget\" data-e-type=\"widget\" data-widget_type=\"heading.default\">\n\t\t\t\t\t<h6 class=\"elementor-heading-title elementor-size-default\">Par t\u00e9l\u00e9phone<\/h6>\t\t\t\t<\/div>\n\t\t\t\t<div class=\"elementor-element elementor-element-420deaa elementor-widget elementor-widget-text-editor\" data-id=\"420deaa\" data-element_type=\"widget\" data-e-type=\"widget\" data-widget_type=\"text-editor.default\">\n\t\t\t\t\t\t\t\t\t<p>(02)253793 58<\/p>\t\t\t\t\t\t\t\t<\/div>\n\t\t\t\t<div class=\"elementor-element elementor-element-f207ebe elementor-widget elementor-widget-heading\" data-id=\"f207ebe\" data-element_type=\"widget\" data-e-type=\"widget\" data-widget_type=\"heading.default\">\n\t\t\t\t\t<h6 class=\"elementor-heading-title elementor-size-default\">Par email<\/h6>\t\t\t\t<\/div>\n\t\t\t\t<div class=\"elementor-element elementor-element-86929eb elementor-widget elementor-widget-text-editor\" data-id=\"86929eb\" data-element_type=\"widget\" data-e-type=\"widget\" data-widget_type=\"text-editor.default\">\n\t\t\t\t\t\t\t\t\t<p>\n  Accueil: <a href=\"mailto:accueil@lyceebalzac.com\">accueil@lyceebalzac.com<\/a><br>  Ressources humaines: <a href=\"mailto:RH@lyceebalzac.com\">RH@lyceebalzac.com<\/a><br>  Comptabilit\u00e9: <a href=\"mailto:Compta@lyceebalzac.com\">Compta@lyceebalzac.com<\/a><br>  Inscriptions: <a href=\"mailto:inscriptions@lyceebalzac.com\">inscriptions@lyceebalzac.com<\/a>\n<\/p>\t\t\t\t\t\t\t\t<\/div>\n\t\t\t\t\t<\/div>\n\t\t<\/div>\n\t\t\t\t\t<\/div>\n\t\t<\/section>\n\t\t\t\t\t<\/div>\n\t\t<\/div>\n\t\t\t\t\t<\/div>\n\t\t<\/section>\n\t\t\t\t<section class=\"elementor-section elementor-top-section elementor-element elementor-element-678c149 elementor-section-stretched elementor-section-boxed elementor-section-height-default elementor-section-height-default\" data-id=\"678c149\" data-element_type=\"section\" data-e-type=\"section\" data-settings=\"{&quot;stretch_section&quot;:&quot;section-stretched&quot;}\">\n\t\t\t\t\t\t<div class=\"elementor-container elementor-column-gap-default\">\n\t\t\t\t\t<div class=\"elementor-column elementor-col-100 elementor-top-column elementor-element elementor-element-e8559a9\" data-id=\"e8559a9\" data-element_type=\"column\" data-e-type=\"column\">\n\t\t\t<div class=\"elementor-widget-wrap elementor-element-populated\">\n\t\t\t\t\t\t<div class=\"elementor-element elementor-element-3775ce8 elementor-widget elementor-widget-formidable\" data-id=\"3775ce8\" data-element_type=\"widget\" data-e-type=\"widget\" data-widget_type=\"formidable.default\">\n\t\t\t\t<div class=\"elementor-widget-container\">\n\t\t\t\t\t<div class=\"frm_forms  with_frm_style frm_style_formidable-style\" id=\"frm_form_8_container\" data-token=\"6c62abdaac6bd618c5a9b79a7cab99fd\">\n<form enctype=\"multipart\/form-data\" method=\"post\" class=\"frm-show-form  frm_js_validate  frm_ajax_submit  frm_pro_form \" id=\"form_contact-us2\" data-token=\"6c62abdaac6bd618c5a9b79a7cab99fd\">\n<div class=\"frm_form_fields \">\n<fieldset>\n<legend class=\"frm_screen_reader\">Contact Us<\/legend>\r\n<h3 class=\"frm_form_title\">Contact Us<\/h3>\r\n<div class=\"frm_fields_container\">\n<input type=\"hidden\" name=\"frm_action\" value=\"create\" \/>\n<input type=\"hidden\" name=\"form_id\" value=\"8\" \/>\n<input type=\"hidden\" name=\"frm_hide_fields_8\" id=\"frm_hide_fields_8\" value=\"\" \/>\n<input type=\"hidden\" name=\"form_key\" value=\"contact-us2\" \/>\n<input type=\"hidden\" name=\"item_meta[0]\" value=\"\" \/>\n<input type=\"hidden\" id=\"frm_submit_entry_8\" name=\"frm_submit_entry_8\" value=\"c976fef1cc\" \/><input type=\"hidden\" name=\"_wp_http_referer\" value=\"\/en\/wp-json\/wp\/v2\/pages\/323\" \/><div id=\"frm_field_288_container\" class=\"frm_form_field form-field  frm_required_field frm_top_container frm_first frm_half\">\r\n\t<label for=\"field_qh4icy23\" id=\"field_qh4icy23_label\" class=\"frm_primary_label\">Name\r\n\t\t<span class=\"frm_required\" aria-hidden=\"true\">*<\/span>\r\n\t<\/label>\r\n\t<input  type=\"text\" id=\"field_qh4icy23\" name=\"item_meta[288]\" value=\"\"  data-reqmsg=\"Name cannot be blank.\" aria-required=\"true\" data-invmsg=\"Name is invalid\" aria-invalid=\"false\"   aria-describedby=\"frm_desc_field_qh4icy23\" \/>\r\n\t<div class=\"frm_description\" id=\"frm_desc_field_qh4icy23\">First<\/div>\r\n\t\r\n<\/div>\n<div id=\"frm_field_289_container\" class=\"frm_form_field form-field  frm_required_field frm_hidden_container frm_half\">\r\n\t<label for=\"field_ocfup123\" id=\"field_ocfup123_label\" class=\"frm_primary_label\">Last\r\n\t\t<span class=\"frm_required\" aria-hidden=\"true\">*<\/span>\r\n\t<\/label>\r\n\t<input  type=\"text\" id=\"field_ocfup123\" name=\"item_meta[289]\" value=\"\"  data-reqmsg=\"Last cannot be blank.\" aria-required=\"true\" data-invmsg=\"Last is invalid\" aria-invalid=\"false\"   aria-describedby=\"frm_desc_field_ocfup123\" \/>\r\n\t<div class=\"frm_description\" id=\"frm_desc_field_ocfup123\">Last<\/div>\r\n\t\r\n<\/div>\n<div id=\"frm_field_290_container\" class=\"frm_form_field form-field  frm_required_field frm_top_container frm_full\">\r\n\t<label for=\"field_29yf4d23\" id=\"field_29yf4d23_label\" class=\"frm_primary_label\">Email\r\n\t\t<span class=\"frm_required\" aria-hidden=\"true\">*<\/span>\r\n\t<\/label>\r\n\t<input type=\"email\" id=\"field_29yf4d23\" name=\"item_meta[290]\" value=\"\"  data-reqmsg=\"Email cannot be blank.\" aria-required=\"true\" data-invmsg=\"Please enter a valid email address\" aria-invalid=\"false\"  \/>\r\n\t\r\n\t\r\n<\/div>\n<div id=\"frm_field_291_container\" class=\"frm_form_field form-field  frm_required_field frm_top_container frm_full\">\r\n\t<label for=\"field_e6lis623\" id=\"field_e6lis623_label\" class=\"frm_primary_label\">Subject\r\n\t\t<span class=\"frm_required\" aria-hidden=\"true\">*<\/span>\r\n\t<\/label>\r\n\t<input  type=\"text\" id=\"field_e6lis623\" name=\"item_meta[291]\" value=\"\"  data-reqmsg=\"Subject cannot be blank.\" aria-required=\"true\" data-invmsg=\"Subject is invalid\" aria-invalid=\"false\"   \/>\r\n\t\r\n\t\r\n<\/div>\n<div id=\"frm_field_295_container\" class=\"frm_form_field form-field  frm_required_field frm_top_container\">\r\n\t<label for=\"field_1yh0d\" id=\"field_1yh0d_label\" class=\"frm_primary_label\">Department\r\n\t\t<span class=\"frm_required\" aria-hidden=\"true\">*<\/span>\r\n\t<\/label>\r\n\t\t\t<select name=\"item_meta[295]\" id=\"field_1yh0d\"  data-frmval=\"RH\" data-reqmsg=\"Department cannot be blank.\" aria-required=\"true\" data-invmsg=\"Department is invalid\" aria-invalid=\"false\"  >\n\t\t<option  value=\"RH\" selected='selected'>RH<\/option><option  value=\"Administration\">Administration<\/option><option  value=\"Compta\">Compta<\/option><option  value=\"accueil\">accueil<\/option>\t<\/select>\n\t\r\n\t\r\n\t\r\n<\/div>\n<div id=\"frm_field_294_container\" class=\"frm_form_field form-field  frm_required_field frm_top_container\">\r\n\t<label for=\"field_v0vwi\" id=\"field_v0vwi_label\" class=\"frm_primary_label\">Upload C.v\r\n\t\t<span class=\"frm_required\" aria-hidden=\"true\">*<\/span>\r\n\t<\/label>\r\n\t<input type=\"hidden\"  data-reqmsg=\"Upload C.v cannot be blank.\" data-invmsg=\"Upload C.v is invalid\" class=\"auto_width\" aria-invalid=\"false\"   name=\"item_meta[294][]\"  data-reqmsg=\"Upload C.v cannot be blank.\"  value=\"\" data-frmfile=\"294\" \/>\n\n<div class=\"frm_dropzone frm_multi_upload frm_clearfix\" id=\"file294_dropzone\" role=\"group\" >\n\t<div class=\"fallback\">\n\t\t<input type=\"file\" name=\"file294[]\" id=\"field_v0vwi\"\n\t\t\t data-frmfile=\"294\" multiple=\"multiple\"  data-reqmsg=\"Upload C.v cannot be blank.\" data-invmsg=\"Upload C.v is invalid\" class=\"auto_width\" aria-invalid=\"false\"  \t\t\t\/>\n\t\t\t\t<div class=\"frm_clearfix \"><\/div>\n\t<\/div>\n\t<div class=\"dz-message needsclick\">\n\t\t\t\t<svg  viewBox=\"0 0 18 18\" class=\"frmsvg frm-svg-icon\">\n\t<path viewBox=\"0 0 18 18\" fill-rule=\"evenodd\" clip-rule=\"evenodd\" d=\"M8.2 4v8a.8.8 0 001.5 0V4l2.1 2.2A.7.7 0 1013 5L9.5 1.7a.7.7 0 00-1.1 0L5.1 5.2a.8.8 0 001 1l2.1-2zm7.6 4.3c.4 0 .7.3.7.7v6.8c0 .4-.3.7-.8.7H2.3a.8.8 0 01-.8-.8V9A.8.8 0 013 9v6h12V9c0-.4.3-.8.8-.8z\"><\/path>\n<\/svg>\t\t<span class=\"frm_upload_text\"><button type=\"button\" aria-label=\"Upload C.v. Drop a file here or click to upload. Maximum file size: 5MB\">Drop a file here or click to upload<\/button><\/span>\n\t\t<span class=\"frm_compact_text\"><button type=\"button\" aria-label=\"Upload C.v. Choose File. Maximum file size: 5MB\">Choose File<\/button><\/span>\n\t\t<div class=\"frm_small_text\">\n\t\t\t<p>Maximum file size: 5MB<\/p>\n\t\t<\/div>\n\t<\/div>\n<\/div>\n\t\r\n\t\r\n\t\r\n<\/div>\n<div id=\"frm_field_292_container\" class=\"frm_form_field form-field  frm_required_field frm_top_container frm_full\">\r\n\t<label for=\"field_9jv0r123\" id=\"field_9jv0r123_label\" class=\"frm_primary_label\">Message\r\n\t\t<span class=\"frm_required\" aria-hidden=\"true\">*<\/span>\r\n\t<\/label>\r\n\t<textarea name=\"item_meta[292]\" id=\"field_9jv0r123\" rows=\"5\"  data-reqmsg=\"Message cannot be blank.\" aria-required=\"true\" data-invmsg=\"Message is invalid\" aria-invalid=\"false\"  ><\/textarea>\r\n\t\r\n\t\r\n<\/div>\n<input type=\"hidden\" name=\"item_meta[296]\" id=\"field_5d27i\" value=\"\" data-frmval=\"\"\/>\n<div id=\"frm_field_293_container\" class=\"frm_form_field form-field \">\r\n\t<div class=\"frm_submit\">\r\n\r\n<button class=\"frm_button_submit frm_final_submit\" type=\"submit\"   formnovalidate=\"formnovalidate\">Submit<\/button>\r\n\r\n<\/div>\r\n<\/div>\n\t<input type=\"hidden\" name=\"item_key\" value=\"\" \/>\n\t\t\t<div id=\"frm_field_467_container\">\n\t\t\t<label for=\"field_8kgqr\" >\n\t\t\t\tIf you are human, leave this field blank.\t\t\t<\/label>\n\t\t\t<input  id=\"field_8kgqr\" type=\"text\" class=\"frm_form_field form-field frm_verify\" name=\"item_meta[467]\" value=\"\"  \/>\n\t\t<\/div>\n\t\t<input name=\"frm_state\" type=\"hidden\" value=\"pzIDO1CeHrns+NVSAvdv39cNxnnci6xLJU5rBBfhb+KovGW3EGve+ojRLP3fZV1g\" \/><\/div>\n<\/fieldset>\n<\/div>\n\n<\/form>\n<\/div>\n\t\t\t\t<\/div>\n\t\t\t\t<\/div>\n\t\t\t\t\t<\/div>\n\t\t<\/div>\n\t\t\t\t\t<\/div>\n\t\t<\/section>\n\t\t\t\t<\/div>\n\t\t","protected":false},"excerpt":{"rendered":"<p>Contactez-nous Par t\u00e9l\u00e9phone (02)253793 58 Par email Accueil: accueil@lyceebalzac.com Ressources humaines: RH@lyceebalzac.com Comptabilit\u00e9: Compta@lyceebalzac.com Inscriptions: inscriptions@lyceebalzac.com Contact Us Contact Us Name * First Last * Last Email * Subject * Department * RHAdministrationComptaaccueil Upload C.v * Drop a file here or click to upload Choose File Maximum file size: 5MB Message * Submit If you&#8230;<\/p>","protected":false},"author":1,"featured_media":0,"parent":0,"menu_order":0,"comment_status":"closed","ping_status":"closed","template":"elementor_header_footer","meta":{"footnotes":""},"class_list":["post-323","page","type-page","status-publish","hentry"],"_links":{"self":[{"href":"https:\/\/lyceebalzac.com\/en\/wp-json\/wp\/v2\/pages\/323","targetHints":{"allow":["GET"]}}],"collection":[{"href":"https:\/\/lyceebalzac.com\/en\/wp-json\/wp\/v2\/pages"}],"about":[{"href":"https:\/\/lyceebalzac.com\/en\/wp-json\/wp\/v2\/types\/page"}],"author":[{"embeddable":true,"href":"https:\/\/lyceebalzac.com\/en\/wp-json\/wp\/v2\/users\/1"}],"replies":[{"embeddable":true,"href":"https:\/\/lyceebalzac.com\/en\/wp-json\/wp\/v2\/comments?post=323"}],"version-history":[{"count":0,"href":"https:\/\/lyceebalzac.com\/en\/wp-json\/wp\/v2\/pages\/323\/revisions"}],"wp:attachment":[{"href":"https:\/\/lyceebalzac.com\/en\/wp-json\/wp\/v2\/media?parent=323"}],"curies":[{"name":"wp","href":"https:\/\/api.w.org\/{rel}","templated":true}]}}