{"id":4679,"date":"2025-07-07T09:39:36","date_gmt":"2025-07-07T09:39:36","guid":{"rendered":"https:\/\/lyceebalzac.com\/?page_id=4679"},"modified":"2026-03-10T23:26:45","modified_gmt":"2026-03-10T21:26:45","slug":"a-propos-1","status":"publish","type":"page","link":"https:\/\/lyceebalzac.com\/en\/a-propos-1\/","title":{"rendered":"About us"},"content":{"rendered":"<div data-elementor-type=\"wp-post\" data-elementor-id=\"4679\" class=\"elementor elementor-4679\" data-elementor-post-type=\"page\">\n\t\t\t\t<div class=\"elementor-element elementor-element-1f1b918 e-flex e-con-boxed e-con e-parent\" data-id=\"1f1b918\" data-element_type=\"container\" data-e-type=\"container\">\n\t\t\t\t\t<div class=\"e-con-inner\">\n\t\t\t\t<div class=\"elementor-element elementor-element-6561545 elementor-widget elementor-widget-template\" data-id=\"6561545\" data-element_type=\"widget\" data-e-type=\"widget\" data-widget_type=\"template.default\">\n\t\t\t\t<div class=\"elementor-widget-container\">\n\t\t\t\t\t\t\t<div class=\"elementor-template\">\n\t\t\t\t\t<div data-elementor-type=\"container\" data-elementor-id=\"8429\" class=\"elementor elementor-8429\" data-elementor-post-type=\"elementor_library\">\n\t\t\t\t<div class=\"elementor-element elementor-element-1818c45e e-flex e-con-boxed e-con e-parent\" data-id=\"1818c45e\" data-element_type=\"container\" data-e-type=\"container\">\n\t\t\t\t\t<div class=\"e-con-inner\">\n\t\t\t\t<div class=\"elementor-element elementor-element-65e27b9 elementor-widget elementor-widget-image\" data-id=\"65e27b9\" data-element_type=\"widget\" data-e-type=\"widget\" data-widget_type=\"image.default\">\n\t\t\t\t\t\t\t\t\t\t\t\t\t\t\t<img fetchpriority=\"high\" decoding=\"async\" width=\"300\" height=\"300\" src=\"https:\/\/lyceebalzac.com\/wp-content\/uploads\/2025\/11\/thumbnail_WhatsApp-Image-2025-11-09-at-13.39.16-1-300x300.jpg\" class=\"attachment-medium size-medium wp-image-8433\" alt=\"\" srcset=\"https:\/\/lyceebalzac.com\/wp-content\/uploads\/2025\/11\/thumbnail_WhatsApp-Image-2025-11-09-at-13.39.16-1-300x300.jpg 300w, https:\/\/lyceebalzac.com\/wp-content\/uploads\/2025\/11\/thumbnail_WhatsApp-Image-2025-11-09-at-13.39.16-1-100x100.jpg 100w, https:\/\/lyceebalzac.com\/wp-content\/uploads\/2025\/11\/thumbnail_WhatsApp-Image-2025-11-09-at-13.39.16-1-600x600.jpg 600w, https:\/\/lyceebalzac.com\/wp-content\/uploads\/2025\/11\/thumbnail_WhatsApp-Image-2025-11-09-at-13.39.16-1-150x150.jpg 150w, https:\/\/lyceebalzac.com\/wp-content\/uploads\/2025\/11\/thumbnail_WhatsApp-Image-2025-11-09-at-13.39.16-1-768x768.jpg 768w, https:\/\/lyceebalzac.com\/wp-content\/uploads\/2025\/11\/thumbnail_WhatsApp-Image-2025-11-09-at-13.39.16-1-12x12.jpg 12w, https:\/\/lyceebalzac.com\/wp-content\/uploads\/2025\/11\/thumbnail_WhatsApp-Image-2025-11-09-at-13.39.16-1.jpg 853w\" sizes=\"(max-width: 300px) 100vw, 300px\" \/>\t\t\t\t\t\t\t\t\t\t\t\t\t\t\t<\/div>\n\t\t\t\t<div class=\"elementor-element elementor-element-389a4162 elementor-widget elementor-widget-heading\" data-id=\"389a4162\" data-element_type=\"widget\" data-e-type=\"widget\" data-widget_type=\"heading.default\">\n\t\t\t\t\t<h4 class=\"elementor-heading-title elementor-size-default\">A WORD FROM THE CHAIRMAN OF THE BOARD\n\n<\/h4>\t\t\t\t<\/div>\n\t\t\t\t<div class=\"elementor-element elementor-element-23c590ef elementor-widget elementor-widget-text-editor\" data-id=\"23c590ef\" data-element_type=\"widget\" data-e-type=\"widget\" data-widget_type=\"text-editor.default\">\n\t\t\t\t\t\t\t\t\t<div id=\"m_toolbarLayer\" class=\"layer\">\u00a0<\/div><div id=\"m_textViewLayer\" class=\"layer\"><div id=\"m_content\"><div id=\"pc1\"><div id=\"p1\"><div>Dear parents of Lyc\u00e9e International Balzac,<\/div><div>We wish you a wonderful school year, and would like to take this opportunity to clarify a few points about our current and future vision for the school.<\/div><div>\u00a0<\/div><ul><li>We strive to recruit qualified and experienced teachers, and to maintain the school's academic standards at all levels.<\/li><li><div>Provide training for teachers to improve the quality of teaching.<\/div><\/li><li><div>Support courses are offered for students according to their needs.<\/div><\/li><li><div>In the computer lab, some workstations have been repaired and others replaced.<\/div><\/li><li><div>During the year, maintenance work was carried out on the sports fields and buildings.<\/div><\/li><li><div>General Mohamed ELNAGGAR has been recruited as Director of Security to regulate the rhythm of entry and exit during the school day to ensure the smooth running of teaching.<\/div><\/li><li><div>We're working hard to offer more fun activities throughout the year.<\/div><\/li><li><div>We are looking into the possibility of offering courses for parents who would like to learn the French language. These courses would take place after the end of the school day and would be charged at a symbolic rate. If a sufficient number of parents are interested, the courses will be set up.<\/div><\/li><li><div>We are doing our utmost to preserve the quality of teaching and maintain the 100% baccalaureate pass rate as in previous years.<\/div><\/li><\/ul><div>Our main goal is to always meet your needs.<\/div><div>We wish you a very happy school year.<\/div><div>\u00a0<\/div><div>Best regards,<\/div><div>Chairman of the Board of Directors \u00a0<\/div><\/div><\/div><\/div><\/div>\t\t\t\t\t\t\t\t<\/div>\n\t\t\t\t<div class=\"elementor-element elementor-element-58a5237c pp-heading-fill-solid elementor-widget elementor-widget-pp-fancy-heading\" data-id=\"58a5237c\" data-element_type=\"widget\" data-e-type=\"widget\" data-widget_type=\"pp-fancy-heading.default\">\n\t\t\t\t\t\t\t\t<h2 class=\"pp-fancy-heading\">\n\t\t\t\t\t\t\t\t<span class=\"pp-heading-text\">\n\t\t\t\t\tAhmed Mahmoud\t\t\t\t<\/span>\n\t\t\t\t\t\t\t<\/h2>\n\t\t\t\t\t\t\t<\/div>\n\t\t\t\t<div class=\"elementor-element elementor-element-87c5255 pp-heading-fill-solid elementor-widget elementor-widget-pp-fancy-heading\" data-id=\"87c5255\" data-element_type=\"widget\" data-e-type=\"widget\" data-widget_type=\"pp-fancy-heading.default\">\n\t\t\t\t\t\t\t\t<h6 class=\"pp-fancy-heading\">\n\t\t\t\t\t\t\t\t<span class=\"pp-heading-text\">\n\t\t\t\t\tCHAIRMAN OF THE BOARD\t\t\t\t<\/span>\n\t\t\t\t\t\t\t<\/h6>\n\t\t\t\t\t\t\t<\/div>\n\t\t\t\t\t<\/div>\n\t\t\t\t<\/div>\n\t\t\t\t<\/div>\n\t\t\t\t<\/div>\n\t\t\t\t\t\t<\/div>\n\t\t\t\t<\/div>\n\t\t\t\t\t<\/div>\n\t\t\t\t<\/div>\n\t\t<div class=\"elementor-element elementor-element-dad3546 e-flex e-con-boxed e-con e-parent\" data-id=\"dad3546\" data-element_type=\"container\" data-e-type=\"container\">\n\t\t\t\t\t<div class=\"e-con-inner\">\n\t\t\t\t<div class=\"elementor-element elementor-element-8c1fbef elementor-widget elementor-widget-heading\" data-id=\"8c1fbef\" data-element_type=\"widget\" data-e-type=\"widget\" data-widget_type=\"heading.default\">\n\t\t\t\t\t<h4 class=\"elementor-heading-title elementor-size-default\">Our partners<\/h4>\t\t\t\t<\/div>\n\t\t\t\t\t<\/div>\n\t\t\t\t<\/div>\n\t\t<div class=\"elementor-element elementor-element-e508231 e-grid e-con-boxed e-con e-parent\" data-id=\"e508231\" data-element_type=\"container\" data-e-type=\"container\">\n\t\t\t\t\t<div class=\"e-con-inner\">\n\t\t\t\t<div class=\"elementor-element elementor-element-c64f17b elementor-widget elementor-widget-image\" data-id=\"c64f17b\" data-element_type=\"widget\" data-e-type=\"widget\" data-widget_type=\"image.default\">\n\t\t\t\t\t\t\t\t\t\t\t\t\t\t\t<img decoding=\"async\" width=\"681\" height=\"655\" src=\"https:\/\/lyceebalzac.com\/wp-content\/uploads\/2025\/07\/Ministredelducationnationaledelajeunesseetdessorts.png\" class=\"attachment-full size-full wp-image-4682\" alt=\"\" srcset=\"https:\/\/lyceebalzac.com\/wp-content\/uploads\/2025\/07\/Ministredelducationnationaledelajeunesseetdessorts.png 681w, https:\/\/lyceebalzac.com\/wp-content\/uploads\/2025\/07\/Ministredelducationnationaledelajeunesseetdessorts-600x577.png 600w, https:\/\/lyceebalzac.com\/wp-content\/uploads\/2025\/07\/Ministredelducationnationaledelajeunesseetdessorts-300x289.png 300w\" sizes=\"(max-width: 681px) 100vw, 681px\" \/>\t\t\t\t\t\t\t\t\t\t\t\t\t\t\t<\/div>\n\t\t\t\t<div class=\"elementor-element elementor-element-9e6c67b elementor-widget elementor-widget-heading\" data-id=\"9e6c67b\" data-element_type=\"widget\" data-e-type=\"widget\" data-widget_type=\"heading.default\">\n\t\t\t\t\t<div class=\"elementor-heading-title elementor-size-default\">Since 1828, the French Ministry of Education, Youth and Sports, known as the Ministry of Public Instruction before 1932, has been responsible for preparing and implementing government policy in the fields of public instruction and national education.<br>\n<br>\nIt is headed by the Minister, a member of the French government. It is not one of the so-called \"r\u00e9galiens\" ministries (Armed Forces, Foreign Affairs, Justice, Finance, Interior), but its social importance is great, as the right to education is enshrined in the Universal Declaration of Human Rights. The need for education also makes this ministry the largest employer in the country. As a result, the Ministry of Education is currently the nation's biggest budget item.<\/div>\t\t\t\t<\/div>\n\t\t\t\t\t<\/div>\n\t\t\t\t<\/div>\n\t\t<div class=\"elementor-element elementor-element-f2a03ad e-grid e-con-boxed e-con e-parent\" data-id=\"f2a03ad\" data-element_type=\"container\" data-e-type=\"container\">\n\t\t\t\t\t<div class=\"e-con-inner\">\n\t\t\t\t<div class=\"elementor-element elementor-element-3736bf8 elementor-widget elementor-widget-heading\" data-id=\"3736bf8\" data-element_type=\"widget\" data-e-type=\"widget\" data-widget_type=\"heading.default\">\n\t\t\t\t\t<div class=\"elementor-heading-title elementor-size-default\">A non-profit organization recognized as being of public utility, the Mission la\u00efque fran\u00e7aise heads a network of 108 French educational establishments abroad, providing schooling for over 61,000 students in 37 countries.<br>\n<br>\nThe \"Mission la\u00efque fran\u00e7aise\" association, founded in 1902, aims to spread the French language and culture throughout the world, in particular through secular and intercultural education. Its duration is unlimited. Its head office is in Paris.<\/div>\t\t\t\t<\/div>\n\t\t\t\t<div class=\"elementor-element elementor-element-068d7ab elementor-widget elementor-widget-image\" data-id=\"068d7ab\" data-element_type=\"widget\" data-e-type=\"widget\" data-widget_type=\"image.default\">\n\t\t\t\t\t\t\t\t\t\t\t\t\t\t\t<img decoding=\"async\" width=\"2382\" height=\"700\" src=\"https:\/\/lyceebalzac.com\/wp-content\/uploads\/2025\/07\/logo_mlf_new_2.png\" class=\"attachment-full size-full wp-image-4681\" alt=\"\" srcset=\"https:\/\/lyceebalzac.com\/wp-content\/uploads\/2025\/07\/logo_mlf_new_2.png 2382w, https:\/\/lyceebalzac.com\/wp-content\/uploads\/2025\/07\/logo_mlf_new_2-600x176.png 600w, https:\/\/lyceebalzac.com\/wp-content\/uploads\/2025\/07\/logo_mlf_new_2-300x88.png 300w, https:\/\/lyceebalzac.com\/wp-content\/uploads\/2025\/07\/logo_mlf_new_2-1024x301.png 1024w, https:\/\/lyceebalzac.com\/wp-content\/uploads\/2025\/07\/logo_mlf_new_2-768x226.png 768w, https:\/\/lyceebalzac.com\/wp-content\/uploads\/2025\/07\/logo_mlf_new_2-1536x451.png 1536w, https:\/\/lyceebalzac.com\/wp-content\/uploads\/2025\/07\/logo_mlf_new_2-2048x602.png 2048w\" sizes=\"(max-width: 2382px) 100vw, 2382px\" \/>\t\t\t\t\t\t\t\t\t\t\t\t\t\t\t<\/div>\n\t\t\t\t\t<\/div>\n\t\t\t\t<\/div>\n\t\t\t\t<\/div>","protected":false},"excerpt":{"rendered":"<p>Nos partenaires Le Minist\u00e8re de l\u2019\u00c9ducation Nationale de la Jeunesse, etn des Sports d\u00e9nomm\u00e9 Minist\u00e8re de l\u2019Instruction Publique avant 1932, est l\u2019administration fran\u00e7aise charg\u00e9e depuis 1828 de pr\u00e9parer et mettre en \u0153uvre la politique du gouvernement dans les domaines de l\u2019instruction publique et de l\u2019\u00e9ducation nationale. Il est dirig\u00e9 par le ministre, membre du gouvernement&#8230;<\/p>","protected":false},"author":1,"featured_media":4682,"parent":0,"menu_order":0,"comment_status":"closed","ping_status":"closed","template":"","meta":{"footnotes":""},"class_list":["post-4679","page","type-page","status-publish","has-post-thumbnail","hentry"],"_links":{"self":[{"href":"https:\/\/lyceebalzac.com\/en\/wp-json\/wp\/v2\/pages\/4679","targetHints":{"allow":["GET"]}}],"collection":[{"href":"https:\/\/lyceebalzac.com\/en\/wp-json\/wp\/v2\/pages"}],"about":[{"href":"https:\/\/lyceebalzac.com\/en\/wp-json\/wp\/v2\/types\/page"}],"author":[{"embeddable":true,"href":"https:\/\/lyceebalzac.com\/en\/wp-json\/wp\/v2\/users\/1"}],"replies":[{"embeddable":true,"href":"https:\/\/lyceebalzac.com\/en\/wp-json\/wp\/v2\/comments?post=4679"}],"version-history":[{"count":0,"href":"https:\/\/lyceebalzac.com\/en\/wp-json\/wp\/v2\/pages\/4679\/revisions"}],"wp:featuredmedia":[{"embeddable":true,"href":"https:\/\/lyceebalzac.com\/en\/wp-json\/wp\/v2\/media\/4682"}],"wp:attachment":[{"href":"https:\/\/lyceebalzac.com\/en\/wp-json\/wp\/v2\/media?parent=4679"}],"curies":[{"name":"wp","href":"https:\/\/api.w.org\/{rel}","templated":true}]}}