{"id":4679,"date":"2025-07-07T09:39:36","date_gmt":"2025-07-07T09:39:36","guid":{"rendered":"https:\/\/lyceebalzac.com\/?page_id=4679"},"modified":"2026-03-10T23:26:45","modified_gmt":"2026-03-10T21:26:45","slug":"a-propos-1","status":"publish","type":"page","link":"https:\/\/lyceebalzac.com\/fr\/a-propos-1\/","title":{"rendered":"\u00c0 propos"},"content":{"rendered":"\t\t<div data-elementor-type=\"wp-post\" data-elementor-id=\"4679\" class=\"elementor elementor-4679\" data-elementor-post-type=\"page\">\n\t\t\t\t<div class=\"elementor-element elementor-element-1f1b918 e-flex e-con-boxed e-con e-parent\" data-id=\"1f1b918\" data-element_type=\"container\" data-e-type=\"container\">\n\t\t\t\t\t<div class=\"e-con-inner\">\n\t\t\t\t<div class=\"elementor-element elementor-element-6561545 elementor-widget elementor-widget-template\" data-id=\"6561545\" data-element_type=\"widget\" data-e-type=\"widget\" data-widget_type=\"template.default\">\n\t\t\t\t<div class=\"elementor-widget-container\">\n\t\t\t\t\t\t\t<div class=\"elementor-template\">\n\t\t\t\t\t<div data-elementor-type=\"container\" data-elementor-id=\"8429\" class=\"elementor elementor-8429\" data-elementor-post-type=\"elementor_library\">\n\t\t\t\t<div class=\"elementor-element elementor-element-1818c45e e-flex e-con-boxed e-con e-parent\" data-id=\"1818c45e\" data-element_type=\"container\" data-e-type=\"container\">\n\t\t\t\t\t<div class=\"e-con-inner\">\n\t\t\t\t<div class=\"elementor-element elementor-element-65e27b9 elementor-widget elementor-widget-image\" data-id=\"65e27b9\" data-element_type=\"widget\" data-e-type=\"widget\" data-widget_type=\"image.default\">\n\t\t\t\t\t\t\t\t\t\t\t\t\t\t\t<img fetchpriority=\"high\" decoding=\"async\" width=\"300\" height=\"300\" src=\"https:\/\/lyceebalzac.com\/wp-content\/uploads\/2025\/11\/thumbnail_WhatsApp-Image-2025-11-09-at-13.39.16-1-300x300.jpg\" class=\"attachment-medium size-medium wp-image-8433\" alt=\"\" srcset=\"https:\/\/lyceebalzac.com\/wp-content\/uploads\/2025\/11\/thumbnail_WhatsApp-Image-2025-11-09-at-13.39.16-1-300x300.jpg 300w, https:\/\/lyceebalzac.com\/wp-content\/uploads\/2025\/11\/thumbnail_WhatsApp-Image-2025-11-09-at-13.39.16-1-100x100.jpg 100w, https:\/\/lyceebalzac.com\/wp-content\/uploads\/2025\/11\/thumbnail_WhatsApp-Image-2025-11-09-at-13.39.16-1-600x600.jpg 600w, https:\/\/lyceebalzac.com\/wp-content\/uploads\/2025\/11\/thumbnail_WhatsApp-Image-2025-11-09-at-13.39.16-1-150x150.jpg 150w, https:\/\/lyceebalzac.com\/wp-content\/uploads\/2025\/11\/thumbnail_WhatsApp-Image-2025-11-09-at-13.39.16-1-768x768.jpg 768w, https:\/\/lyceebalzac.com\/wp-content\/uploads\/2025\/11\/thumbnail_WhatsApp-Image-2025-11-09-at-13.39.16-1-12x12.jpg 12w, https:\/\/lyceebalzac.com\/wp-content\/uploads\/2025\/11\/thumbnail_WhatsApp-Image-2025-11-09-at-13.39.16-1.jpg 853w\" sizes=\"(max-width: 300px) 100vw, 300px\" \/>\t\t\t\t\t\t\t\t\t\t\t\t\t\t\t<\/div>\n\t\t\t\t<div class=\"elementor-element elementor-element-389a4162 elementor-widget elementor-widget-heading\" data-id=\"389a4162\" data-element_type=\"widget\" data-e-type=\"widget\" data-widget_type=\"heading.default\">\n\t\t\t\t\t<h4 class=\"elementor-heading-title elementor-size-default\">MOT DU PR\u00c9SIDENT DU CONSEIL D'ADMINISTRATION\n\n<\/h4>\t\t\t\t<\/div>\n\t\t\t\t<div class=\"elementor-element elementor-element-23c590ef elementor-widget elementor-widget-text-editor\" data-id=\"23c590ef\" data-element_type=\"widget\" data-e-type=\"widget\" data-widget_type=\"text-editor.default\">\n\t\t\t\t\t\t\t\t\t<div id=\"m_toolbarLayer\" class=\"layer\">\u00a0<\/div><div id=\"m_textViewLayer\" class=\"layer\"><div id=\"m_content\"><div id=\"pc1\"><div id=\"p1\"><div>Chers parents du Lyc\u00e9e International Balzac,<\/div><div>Nous vous souhaitons une merveilleuse ann\u00e9e scolaire, et par la pr\u00e9sente, nous\u00a0souhaitons apporter certaines pr\u00e9cisions concernant la vision actuelle et avenir de\u00a0l\u2019\u00e9tablissement.<\/div><div>\u00a0<\/div><ul><li>Nous \u0153uvrons au recrutement de professeurs qualifi\u00e9s et exp\u00e9riment\u00e9s, et au maintien du niveau scolaire de tous les niveaux de l\u2019\u00e9tablissement.<\/li><li><div>Offrir des formations pour les enseignants pour am\u00e9liorer la qualit\u00e9 de l\u2019enseignement.<\/div><\/li><li><div>Des cours de soutien sont propos\u00e9s pour les \u00e9l\u00e8ves selon leurs besoins.<\/div><\/li><li><div>Dans le laboratoire informatique, certains postes informatiques ont \u00e9t\u00e9 r\u00e9par\u00e9s et d\u2019autres ont \u00e9t\u00e9 remplac\u00e9s.<\/div><\/li><li><div>Durant l\u2019ann\u00e9e, des travaux de maintenance ont \u00e9t\u00e9 effectu\u00e9s au niveau des terrains de sport et des b\u00e2timents.<\/div><\/li><li><div>Le g\u00e9n\u00e9ral M. Mohamed ELNAGGAR a \u00e9t\u00e9 recrut\u00e9 en tant que directeur de la s\u00e9curit\u00e9 afin de r\u00e9guler le rythme d\u2019entr\u00e9e et de sortie durant la journ\u00e9e scolaire afin de garantir le bon fonctionnement des enseignements.<\/div><\/li><li><div>Nous \u0153uvrons \u00e0 proposer plus d\u2019activit\u00e9s ludiques durant l\u2019ann\u00e9e.<\/div><\/li><li><div>Nous \u00e9tudions la possibilit\u00e9 de proposer des cours pour les parents qui souhaiteraient apprendre la langue fran\u00e7aise. Ces cours se tiendront apr\u00e8s la fin de la journ\u00e9e scolaire et seront factur\u00e9s \u00e0 un tarif symbolique. Si un nombre suffisant de parents sont int\u00e9ress\u00e9s, les cours seront mis en place.<\/div><\/li><li><div>Nous fournissons un maximum d\u2019effort suivant les diff\u00e9rentes situations afin de pr\u00e9server la qualit\u00e9 de l\u2019enseignement et maintenir le taux de r\u00e9ussite du bac \u00e0 100% comme les ann\u00e9es pr\u00e9c\u00e9dentes.<\/div><\/li><\/ul><div>Notre but principal est de de toujours r\u00e9pondre \u00e0 vos besoins.<\/div><div>Nous vous souhaitons une tr\u00e8s bonne ann\u00e9e scolaire.<\/div><div>\u00a0<\/div><div>Cordialement,<\/div><div>Le pr\u00e9sident du conseil d\u2019administration \u00a0<\/div><\/div><\/div><\/div><\/div>\t\t\t\t\t\t\t\t<\/div>\n\t\t\t\t<div class=\"elementor-element elementor-element-58a5237c pp-heading-fill-solid elementor-widget elementor-widget-pp-fancy-heading\" data-id=\"58a5237c\" data-element_type=\"widget\" data-e-type=\"widget\" data-widget_type=\"pp-fancy-heading.default\">\n\t\t\t\t\t\t\t\t<h2 class=\"pp-fancy-heading\">\n\t\t\t\t\t\t\t\t<span class=\"pp-heading-text\">\n\t\t\t\t\tAhmed Mahmoud\t\t\t\t<\/span>\n\t\t\t\t\t\t\t<\/h2>\n\t\t\t\t\t\t\t<\/div>\n\t\t\t\t<div class=\"elementor-element elementor-element-87c5255 pp-heading-fill-solid elementor-widget elementor-widget-pp-fancy-heading\" data-id=\"87c5255\" data-element_type=\"widget\" data-e-type=\"widget\" data-widget_type=\"pp-fancy-heading.default\">\n\t\t\t\t\t\t\t\t<h6 class=\"pp-fancy-heading\">\n\t\t\t\t\t\t\t\t<span class=\"pp-heading-text\">\n\t\t\t\t\tPR\u00c9SIDENT DU CONSEIL D&#8217;ADMINISTRATION\t\t\t\t<\/span>\n\t\t\t\t\t\t\t<\/h6>\n\t\t\t\t\t\t\t<\/div>\n\t\t\t\t\t<\/div>\n\t\t\t\t<\/div>\n\t\t\t\t<\/div>\n\t\t\t\t<\/div>\n\t\t\t\t\t\t<\/div>\n\t\t\t\t<\/div>\n\t\t\t\t\t<\/div>\n\t\t\t\t<\/div>\n\t\t<div class=\"elementor-element elementor-element-dad3546 e-flex e-con-boxed e-con e-parent\" data-id=\"dad3546\" data-element_type=\"container\" data-e-type=\"container\">\n\t\t\t\t\t<div class=\"e-con-inner\">\n\t\t\t\t<div class=\"elementor-element elementor-element-8c1fbef elementor-widget elementor-widget-heading\" data-id=\"8c1fbef\" data-element_type=\"widget\" data-e-type=\"widget\" data-widget_type=\"heading.default\">\n\t\t\t\t\t<h4 class=\"elementor-heading-title elementor-size-default\">Nos partenaires<\/h4>\t\t\t\t<\/div>\n\t\t\t\t\t<\/div>\n\t\t\t\t<\/div>\n\t\t<div class=\"elementor-element elementor-element-e508231 e-grid e-con-boxed e-con e-parent\" data-id=\"e508231\" data-element_type=\"container\" data-e-type=\"container\">\n\t\t\t\t\t<div class=\"e-con-inner\">\n\t\t\t\t<div class=\"elementor-element elementor-element-c64f17b elementor-widget elementor-widget-image\" data-id=\"c64f17b\" data-element_type=\"widget\" data-e-type=\"widget\" data-widget_type=\"image.default\">\n\t\t\t\t\t\t\t\t\t\t\t\t\t\t\t<img decoding=\"async\" width=\"681\" height=\"655\" src=\"https:\/\/lyceebalzac.com\/wp-content\/uploads\/2025\/07\/Ministredelducationnationaledelajeunesseetdessorts.png\" class=\"attachment-full size-full wp-image-4682\" alt=\"\" srcset=\"https:\/\/lyceebalzac.com\/wp-content\/uploads\/2025\/07\/Ministredelducationnationaledelajeunesseetdessorts.png 681w, https:\/\/lyceebalzac.com\/wp-content\/uploads\/2025\/07\/Ministredelducationnationaledelajeunesseetdessorts-600x577.png 600w, https:\/\/lyceebalzac.com\/wp-content\/uploads\/2025\/07\/Ministredelducationnationaledelajeunesseetdessorts-300x289.png 300w\" sizes=\"(max-width: 681px) 100vw, 681px\" \/>\t\t\t\t\t\t\t\t\t\t\t\t\t\t\t<\/div>\n\t\t\t\t<div class=\"elementor-element elementor-element-9e6c67b elementor-widget elementor-widget-heading\" data-id=\"9e6c67b\" data-element_type=\"widget\" data-e-type=\"widget\" data-widget_type=\"heading.default\">\n\t\t\t\t\t<div class=\"elementor-heading-title elementor-size-default\">Le Minist\u00e8re de l\u2019\u00c9ducation Nationale de la Jeunesse, etn des Sports d\u00e9nomm\u00e9 Minist\u00e8re de l\u2019Instruction Publique avant 1932, est l\u2019administration fran\u00e7aise charg\u00e9e depuis 1828 de pr\u00e9parer et mettre en \u0153uvre la politique du gouvernement dans les domaines de l\u2019instruction publique et de l\u2019\u00e9ducation nationale.<br>\n<br>\nIl est dirig\u00e9 par le ministre, membre du gouvernement fran\u00e7ais. Ce minist\u00e8re ne fait pas partie des minist\u00e8res dits r\u00e9galiens (Arm\u00e9es, Affaires \u00e9trang\u00e8res, Justice, Finances, Int\u00e9rieur), mais son importance sociale est grande, le droit \u00e0 l\u2019\u00e9ducation \u00e9tant consacr\u00e9 par la d\u00e9claration universelle des droits de l\u2019homme. Les besoins en mati\u00e8re \u00e9ducative font en outre de ce minist\u00e8re le premier employeur de l\u2019\u00c9tat. De ce fait, l\u2019\u00c9ducation nationale repr\u00e9sente \u00e0 ce jour le plus gros poste budg\u00e9taire de la Nation.<\/div>\t\t\t\t<\/div>\n\t\t\t\t\t<\/div>\n\t\t\t\t<\/div>\n\t\t<div class=\"elementor-element elementor-element-f2a03ad e-grid e-con-boxed e-con e-parent\" data-id=\"f2a03ad\" data-element_type=\"container\" data-e-type=\"container\">\n\t\t\t\t\t<div class=\"e-con-inner\">\n\t\t\t\t<div class=\"elementor-element elementor-element-3736bf8 elementor-widget elementor-widget-heading\" data-id=\"3736bf8\" data-element_type=\"widget\" data-e-type=\"widget\" data-widget_type=\"heading.default\">\n\t\t\t\t\t<div class=\"elementor-heading-title elementor-size-default\">Association \u00e0 but non lucratif reconnue d\u2019utilit\u00e9 publique, la Mission la\u00efque fran\u00e7aise est \u00e0 la t\u00eate d\u2019un r\u00e9seau de 108 \u00e9tablissements d\u2019enseignement fran\u00e7ais \u00e0 l\u2019\u00e9tranger scolarisant plus de 61 000 \u00e9l\u00e8ves dans 37 pays.<br>\n<br>\nL\u2019association dite \u201cMission la\u00efque fran\u00e7aise\u201d, fond\u00e9e en 1902, a pour but la diffusion \u00e0 travers le monde de la langue et de la culture fran\u00e7aises, en particulier par un enseignement \u00e0 caract\u00e8re la\u00efque et interculturel. Sa dur\u00e9e est illimit\u00e9e. Elle a son si\u00e8ge social \u00e0 Paris.<\/div>\t\t\t\t<\/div>\n\t\t\t\t<div class=\"elementor-element elementor-element-068d7ab elementor-widget elementor-widget-image\" data-id=\"068d7ab\" data-element_type=\"widget\" data-e-type=\"widget\" data-widget_type=\"image.default\">\n\t\t\t\t\t\t\t\t\t\t\t\t\t\t\t<img decoding=\"async\" width=\"2382\" height=\"700\" src=\"https:\/\/lyceebalzac.com\/wp-content\/uploads\/2025\/07\/logo_mlf_new_2.png\" class=\"attachment-full size-full wp-image-4681\" alt=\"\" srcset=\"https:\/\/lyceebalzac.com\/wp-content\/uploads\/2025\/07\/logo_mlf_new_2.png 2382w, https:\/\/lyceebalzac.com\/wp-content\/uploads\/2025\/07\/logo_mlf_new_2-600x176.png 600w, https:\/\/lyceebalzac.com\/wp-content\/uploads\/2025\/07\/logo_mlf_new_2-300x88.png 300w, https:\/\/lyceebalzac.com\/wp-content\/uploads\/2025\/07\/logo_mlf_new_2-1024x301.png 1024w, https:\/\/lyceebalzac.com\/wp-content\/uploads\/2025\/07\/logo_mlf_new_2-768x226.png 768w, https:\/\/lyceebalzac.com\/wp-content\/uploads\/2025\/07\/logo_mlf_new_2-1536x451.png 1536w, https:\/\/lyceebalzac.com\/wp-content\/uploads\/2025\/07\/logo_mlf_new_2-2048x602.png 2048w\" sizes=\"(max-width: 2382px) 100vw, 2382px\" \/>\t\t\t\t\t\t\t\t\t\t\t\t\t\t\t<\/div>\n\t\t\t\t\t<\/div>\n\t\t\t\t<\/div>\n\t\t\t\t<\/div>\n\t\t","protected":false},"excerpt":{"rendered":"<p>Nos partenaires Le Minist\u00e8re de l\u2019\u00c9ducation Nationale de la Jeunesse, etn des Sports d\u00e9nomm\u00e9 Minist\u00e8re de l\u2019Instruction Publique avant 1932, est l\u2019administration fran\u00e7aise charg\u00e9e depuis 1828 de pr\u00e9parer et mettre en \u0153uvre la politique du gouvernement dans les domaines de l\u2019instruction publique et de l\u2019\u00e9ducation nationale. Il est dirig\u00e9 par le ministre, membre du gouvernement&#8230;<\/p>\n","protected":false},"author":1,"featured_media":4682,"parent":0,"menu_order":0,"comment_status":"closed","ping_status":"closed","template":"","meta":{"footnotes":""},"class_list":["post-4679","page","type-page","status-publish","has-post-thumbnail","hentry"],"_links":{"self":[{"href":"https:\/\/lyceebalzac.com\/fr\/wp-json\/wp\/v2\/pages\/4679","targetHints":{"allow":["GET"]}}],"collection":[{"href":"https:\/\/lyceebalzac.com\/fr\/wp-json\/wp\/v2\/pages"}],"about":[{"href":"https:\/\/lyceebalzac.com\/fr\/wp-json\/wp\/v2\/types\/page"}],"author":[{"embeddable":true,"href":"https:\/\/lyceebalzac.com\/fr\/wp-json\/wp\/v2\/users\/1"}],"replies":[{"embeddable":true,"href":"https:\/\/lyceebalzac.com\/fr\/wp-json\/wp\/v2\/comments?post=4679"}],"version-history":[{"count":0,"href":"https:\/\/lyceebalzac.com\/fr\/wp-json\/wp\/v2\/pages\/4679\/revisions"}],"wp:featuredmedia":[{"embeddable":true,"href":"https:\/\/lyceebalzac.com\/fr\/wp-json\/wp\/v2\/media\/4682"}],"wp:attachment":[{"href":"https:\/\/lyceebalzac.com\/fr\/wp-json\/wp\/v2\/media?parent=4679"}],"curies":[{"name":"wp","href":"https:\/\/api.w.org\/{rel}","templated":true}]}}