{"id":4846,"date":"2025-07-09T14:40:09","date_gmt":"2025-07-09T11:40:09","guid":{"rendered":"https:\/\/lyceebalzac.com\/?page_id=4846"},"modified":"2025-11-27T12:14:45","modified_gmt":"2025-11-27T09:14:45","slug":"maternelle","status":"publish","type":"page","link":"https:\/\/lyceebalzac.com\/fr\/maternelle\/","title":{"rendered":"Notre \u00e9quipe"},"content":{"rendered":"\t\t<div data-elementor-type=\"wp-post\" data-elementor-id=\"4846\" class=\"elementor elementor-4846\" data-elementor-post-type=\"page\">\n\t\t\t\t<div class=\"elementor-element elementor-element-1637049 e-con-full e-flex e-con e-parent\" data-id=\"1637049\" data-element_type=\"container\" data-e-type=\"container\">\n\t\t\t\t<div class=\"elementor-element elementor-element-219f115 elementor-widget-tablet__width-inherit elementor-invisible elementor-widget elementor-widget-text-editor\" data-id=\"219f115\" data-element_type=\"widget\" data-e-type=\"widget\" data-settings=\"{&quot;_animation&quot;:&quot;slideInUp&quot;}\" data-widget_type=\"text-editor.default\">\n\t\t\t\t\t\t\t\t\t<p><br \/>Au Lyc\u00e9e International Balzac, notre \u00e9quipe de direction incarne les valeurs d\u2019excellence, d\u2019ouverture culturelle et d\u2019engagement \u00e9ducatif. Sous la conduite de M. Abdelkader GOURARI, proviseur passionn\u00e9 et visionnaire, nous nous effor\u00e7ons de cr\u00e9er un environnement scolaire stimulant, bienveillant et multiculturel.<\/p><p>Notre \u00e9quipe comprend des responsables dynamiques aux parcours vari\u00e9s, tous unis par une mission commune : accompagner chaque \u00e9l\u00e8ve vers la r\u00e9ussite acad\u00e9mique et le d\u00e9veloppement personnel.<\/p><p>D\u00e9couvrez ci-dessous les femmes et les hommes qui donnent vie \u00e0 notre projet p\u00e9dagogique.<\/p>\t\t\t\t\t\t\t\t<\/div>\n\t\t\t\t<\/div>\n\t\t<div class=\"elementor-element elementor-element-05b5e8e e-flex e-con-boxed e-con e-parent\" data-id=\"05b5e8e\" data-element_type=\"container\" data-e-type=\"container\">\n\t\t\t\t\t<div class=\"e-con-inner\">\n\t\t\t\t<div class=\"elementor-element elementor-element-6cd8cab elementor-invisible elementor-widget elementor-widget-backteam\" data-id=\"6cd8cab\" data-element_type=\"widget\" data-e-type=\"widget\" data-settings=\"{&quot;_animation&quot;:&quot;slideInUp&quot;}\" data-widget_type=\"backteam.default\">\n\t\t\t\t<div class=\"elementor-widget-container\">\n\t\t\t\t\t<div class=\"back-team-grid back-team team-grid-style2\">\r\n\t<div class=\"row\">\r\n\t\t \t\t\r\n\t\t\t\t<div class=\"col-lg-2 col-md-6 col-xs-1\">\r\n\t\t\t\t\t<div class=\"instructor__content\">\r\n\t\t\t\t\t\t<div class=\"instructor__content-1\">\r\n\t\t\t\t\t\t\t<a href=\"https:\/\/lyceebalzac.com\/fr\/teams\/gourari\/\">\r\n\t\t\t\t\t        \t<img fetchpriority=\"high\" decoding=\"async\" width=\"288\" height=\"288\" src=\"https:\/\/lyceebalzac.com\/wp-content\/uploads\/2025\/07\/photo-M.-gourari.jpg\" class=\"attachment-large size-large wp-post-image\" alt=\"\" srcset=\"https:\/\/lyceebalzac.com\/wp-content\/uploads\/2025\/07\/photo-M.-gourari.jpg 288w, https:\/\/lyceebalzac.com\/wp-content\/uploads\/2025\/07\/photo-M.-gourari-100x100.jpg 100w, https:\/\/lyceebalzac.com\/wp-content\/uploads\/2025\/07\/photo-M.-gourari-150x150.jpg 150w, https:\/\/lyceebalzac.com\/wp-content\/uploads\/2025\/07\/photo-M.-gourari-12x12.jpg 12w\" sizes=\"(max-width: 288px) 100vw, 288px\" \/>\t\t\t\t\t        <\/a>\r\n\t\t\t\t\t\t<\/div>\r\n\t\t\t\t\t\t<div class=\"instructor__content-2\">\r\n\t\t\t\t\t\t\t<h4 class=\"title\">\r\n\t\t\t\t\t\t\t<a href=\"https:\/\/lyceebalzac.com\/fr\/teams\/gourari\/\">M. Abdelkader GOURARI<\/a>\r\n\t\t\t\t\t\t\t<\/h4>\r\n\t\t\t\t\t\t\t\t\t\t\t\t\t\t\t<p>Le proviseur<\/p>\r\n\t\t\t\t\t\t\t\t\t\t\t\t\t<\/div>\r\n\t\t\t\t\t\t \r\n\t\t\t\t\t<\/div>\r\n\t\t\t\t<\/div>\r\n\t\t\t\t\r\n\t\t\t\t<div class=\"col-lg-2 col-md-6 col-xs-1\">\r\n\t\t\t\t\t<div class=\"instructor__content\">\r\n\t\t\t\t\t\t<div class=\"instructor__content-1\">\r\n\t\t\t\t\t\t\t<a href=\"https:\/\/lyceebalzac.com\/fr\/teams\/said-boukhatem\/\">\r\n\t\t\t\t\t        \t<img decoding=\"async\" width=\"640\" height=\"842\" src=\"https:\/\/lyceebalzac.com\/wp-content\/uploads\/2023\/04\/M-Boukhatem-scaled-1-778x1024.jpg\" class=\"attachment-large size-large wp-post-image\" alt=\"\" srcset=\"https:\/\/lyceebalzac.com\/wp-content\/uploads\/2023\/04\/M-Boukhatem-scaled-1-778x1024.jpg 778w, https:\/\/lyceebalzac.com\/wp-content\/uploads\/2023\/04\/M-Boukhatem-scaled-1-600x790.jpg 600w, https:\/\/lyceebalzac.com\/wp-content\/uploads\/2023\/04\/M-Boukhatem-scaled-1-228x300.jpg 228w, https:\/\/lyceebalzac.com\/wp-content\/uploads\/2023\/04\/M-Boukhatem-scaled-1-768x1011.jpg 768w, https:\/\/lyceebalzac.com\/wp-content\/uploads\/2023\/04\/M-Boukhatem-scaled-1-1167x1536.jpg 1167w, https:\/\/lyceebalzac.com\/wp-content\/uploads\/2023\/04\/M-Boukhatem-scaled-1-1556x2048.jpg 1556w, https:\/\/lyceebalzac.com\/wp-content\/uploads\/2023\/04\/M-Boukhatem-scaled-1-9x12.jpg 9w, https:\/\/lyceebalzac.com\/wp-content\/uploads\/2023\/04\/M-Boukhatem-scaled-1.jpg 1945w\" sizes=\"(max-width: 640px) 100vw, 640px\" \/>\t\t\t\t\t        <\/a>\r\n\t\t\t\t\t\t<\/div>\r\n\t\t\t\t\t\t<div class=\"instructor__content-2\">\r\n\t\t\t\t\t\t\t<h4 class=\"title\">\r\n\t\t\t\t\t\t\t<a href=\"https:\/\/lyceebalzac.com\/fr\/teams\/said-boukhatem\/\">M. Said Boukhatem<\/a>\r\n\t\t\t\t\t\t\t<\/h4>\r\n\t\t\t\t\t\t\t\t\t\t\t\t\t\t\t<p>Le proviseur adjoint\u00a0<\/p>\r\n\t\t\t\t\t\t\t\t\t\t\t\t\t<\/div>\r\n\t\t\t\t\t\t \r\n\t\t\t\t\t<\/div>\r\n\t\t\t\t<\/div>\r\n\t\t\t\t\r\n\t\t\t\t<div class=\"col-lg-2 col-md-6 col-xs-1\">\r\n\t\t\t\t\t<div class=\"instructor__content\">\r\n\t\t\t\t\t\t<div class=\"instructor__content-1\">\r\n\t\t\t\t\t\t\t<a href=\"https:\/\/lyceebalzac.com\/fr\/teams\/francoise-devault-2\/\">\r\n\t\t\t\t\t        \t<img decoding=\"async\" width=\"640\" height=\"858\" src=\"https:\/\/lyceebalzac.com\/wp-content\/uploads\/2023\/04\/Mme-Francoise-764x1024.jpeg\" class=\"attachment-large size-large wp-post-image\" alt=\"\" srcset=\"https:\/\/lyceebalzac.com\/wp-content\/uploads\/2023\/04\/Mme-Francoise-764x1024.jpeg 764w, https:\/\/lyceebalzac.com\/wp-content\/uploads\/2023\/04\/Mme-Francoise-600x804.jpeg 600w, https:\/\/lyceebalzac.com\/wp-content\/uploads\/2023\/04\/Mme-Francoise-224x300.jpeg 224w, https:\/\/lyceebalzac.com\/wp-content\/uploads\/2023\/04\/Mme-Francoise-768x1029.jpeg 768w, https:\/\/lyceebalzac.com\/wp-content\/uploads\/2023\/04\/Mme-Francoise-1146x1536.jpeg 1146w, https:\/\/lyceebalzac.com\/wp-content\/uploads\/2023\/04\/Mme-Francoise-9x12.jpeg 9w, https:\/\/lyceebalzac.com\/wp-content\/uploads\/2023\/04\/Mme-Francoise.jpeg 1194w\" sizes=\"(max-width: 640px) 100vw, 640px\" \/>\t\t\t\t\t        <\/a>\r\n\t\t\t\t\t\t<\/div>\r\n\t\t\t\t\t\t<div class=\"instructor__content-2\">\r\n\t\t\t\t\t\t\t<h4 class=\"title\">\r\n\t\t\t\t\t\t\t<a href=\"https:\/\/lyceebalzac.com\/fr\/teams\/francoise-devault-2\/\">Mme Fran\u00e7oise DEVAULT<\/a>\r\n\t\t\t\t\t\t\t<\/h4>\r\n\t\t\t\t\t\t\t\t\t\t\t\t\t\t\t<p>La directrice de la Maternelle<\/p>\r\n\t\t\t\t\t\t\t\t\t\t\t\t\t<\/div>\r\n\t\t\t\t\t\t \r\n\t\t\t\t\t<\/div>\r\n\t\t\t\t<\/div>\r\n\t\t\t\t\r\n\t\t\t\t<div class=\"col-lg-2 col-md-6 col-xs-1\">\r\n\t\t\t\t\t<div class=\"instructor__content\">\r\n\t\t\t\t\t\t<div class=\"instructor__content-1\">\r\n\t\t\t\t\t\t\t<a href=\"https:\/\/lyceebalzac.com\/fr\/teams\/mme-carola-berger\/\">\r\n\t\t\t\t\t        \t<img loading=\"lazy\" decoding=\"async\" width=\"640\" height=\"640\" src=\"https:\/\/lyceebalzac.com\/wp-content\/uploads\/2025\/11\/thumbnail_photo-carola-1.jpg\" class=\"attachment-large size-large wp-post-image\" alt=\"\" srcset=\"https:\/\/lyceebalzac.com\/wp-content\/uploads\/2025\/11\/thumbnail_photo-carola-1.jpg 640w, https:\/\/lyceebalzac.com\/wp-content\/uploads\/2025\/11\/thumbnail_photo-carola-1-300x300.jpg 300w, https:\/\/lyceebalzac.com\/wp-content\/uploads\/2025\/11\/thumbnail_photo-carola-1-100x100.jpg 100w, https:\/\/lyceebalzac.com\/wp-content\/uploads\/2025\/11\/thumbnail_photo-carola-1-600x600.jpg 600w, https:\/\/lyceebalzac.com\/wp-content\/uploads\/2025\/11\/thumbnail_photo-carola-1-150x150.jpg 150w, https:\/\/lyceebalzac.com\/wp-content\/uploads\/2025\/11\/thumbnail_photo-carola-1-12x12.jpg 12w\" sizes=\"(max-width: 640px) 100vw, 640px\" \/>\t\t\t\t\t        <\/a>\r\n\t\t\t\t\t\t<\/div>\r\n\t\t\t\t\t\t<div class=\"instructor__content-2\">\r\n\t\t\t\t\t\t\t<h4 class=\"title\">\r\n\t\t\t\t\t\t\t<a href=\"https:\/\/lyceebalzac.com\/fr\/teams\/mme-carola-berger\/\">Mme Carola Berger<\/a>\r\n\t\t\t\t\t\t\t<\/h4>\r\n\t\t\t\t\t\t\t\t\t\t\t\t\t\t\t<p>Directrice de l&#039;\u00e9l\u00e9mentaire<\/p>\r\n\t\t\t\t\t\t\t\t\t\t\t\t\t<\/div>\r\n\t\t\t\t\t\t \r\n\t\t\t\t\t<\/div>\r\n\t\t\t\t<\/div>\r\n\t\t\t\t\r\n\t\t\t\t<div class=\"col-lg-2 col-md-6 col-xs-1\">\r\n\t\t\t\t\t<div class=\"instructor__content\">\r\n\t\t\t\t\t\t<div class=\"instructor__content-1\">\r\n\t\t\t\t\t\t\t<a href=\"https:\/\/lyceebalzac.com\/fr\/teams\/emmanuelle-varo\/\">\r\n\t\t\t\t\t        \t<img loading=\"lazy\" decoding=\"async\" width=\"595\" height=\"419\" src=\"https:\/\/lyceebalzac.com\/wp-content\/uploads\/2025\/11\/thumbnail_Photo-Profil.jpg\" class=\"attachment-large size-large wp-post-image\" alt=\"\" srcset=\"https:\/\/lyceebalzac.com\/wp-content\/uploads\/2025\/11\/thumbnail_Photo-Profil.jpg 595w, https:\/\/lyceebalzac.com\/wp-content\/uploads\/2025\/11\/thumbnail_Photo-Profil-300x211.jpg 300w, https:\/\/lyceebalzac.com\/wp-content\/uploads\/2025\/11\/thumbnail_Photo-Profil-18x12.jpg 18w\" sizes=\"(max-width: 595px) 100vw, 595px\" \/>\t\t\t\t\t        <\/a>\r\n\t\t\t\t\t\t<\/div>\r\n\t\t\t\t\t\t<div class=\"instructor__content-2\">\r\n\t\t\t\t\t\t\t<h4 class=\"title\">\r\n\t\t\t\t\t\t\t<a href=\"https:\/\/lyceebalzac.com\/fr\/teams\/emmanuelle-varo\/\">Mme Emmanuelle Varo<\/a>\r\n\t\t\t\t\t\t\t<\/h4>\r\n\t\t\t\t\t\t\t\t\t\t\t\t\t\t\t<p>Conseill\u00e8re p\u00e9dagogique et formatrice<\/p>\r\n\t\t\t\t\t\t\t\t\t\t\t\t\t<\/div>\r\n\t\t\t\t\t\t \r\n\t\t\t\t\t<\/div>\r\n\t\t\t\t<\/div>\r\n\t\t\t\t\r\n\t\t\t\t<div class=\"col-lg-2 col-md-6 col-xs-1\">\r\n\t\t\t\t\t<div class=\"instructor__content\">\r\n\t\t\t\t\t\t<div class=\"instructor__content-1\">\r\n\t\t\t\t\t\t\t<a href=\"https:\/\/lyceebalzac.com\/fr\/teams\/abir-fathallah\/\">\r\n\t\t\t\t\t        \t<img loading=\"lazy\" decoding=\"async\" width=\"640\" height=\"640\" src=\"https:\/\/lyceebalzac.com\/wp-content\/uploads\/2025\/07\/fixedWhatsApp-Image-2025-07-17-at-08.21.32_3af5f6741-face-sharpen-denoise-lighting-upscale-2.7x-1024x1024.jpg\" class=\"attachment-large size-large wp-post-image\" alt=\"\" srcset=\"https:\/\/lyceebalzac.com\/wp-content\/uploads\/2025\/07\/fixedWhatsApp-Image-2025-07-17-at-08.21.32_3af5f6741-face-sharpen-denoise-lighting-upscale-2.7x-1024x1024.jpg 1024w, https:\/\/lyceebalzac.com\/wp-content\/uploads\/2025\/07\/fixedWhatsApp-Image-2025-07-17-at-08.21.32_3af5f6741-face-sharpen-denoise-lighting-upscale-2.7x-300x300.jpg 300w, https:\/\/lyceebalzac.com\/wp-content\/uploads\/2025\/07\/fixedWhatsApp-Image-2025-07-17-at-08.21.32_3af5f6741-face-sharpen-denoise-lighting-upscale-2.7x-100x100.jpg 100w, https:\/\/lyceebalzac.com\/wp-content\/uploads\/2025\/07\/fixedWhatsApp-Image-2025-07-17-at-08.21.32_3af5f6741-face-sharpen-denoise-lighting-upscale-2.7x-scaled-600x600.jpg 600w, https:\/\/lyceebalzac.com\/wp-content\/uploads\/2025\/07\/fixedWhatsApp-Image-2025-07-17-at-08.21.32_3af5f6741-face-sharpen-denoise-lighting-upscale-2.7x-150x150.jpg 150w, https:\/\/lyceebalzac.com\/wp-content\/uploads\/2025\/07\/fixedWhatsApp-Image-2025-07-17-at-08.21.32_3af5f6741-face-sharpen-denoise-lighting-upscale-2.7x-768x768.jpg 768w, https:\/\/lyceebalzac.com\/wp-content\/uploads\/2025\/07\/fixedWhatsApp-Image-2025-07-17-at-08.21.32_3af5f6741-face-sharpen-denoise-lighting-upscale-2.7x-1536x1536.jpg 1536w, https:\/\/lyceebalzac.com\/wp-content\/uploads\/2025\/07\/fixedWhatsApp-Image-2025-07-17-at-08.21.32_3af5f6741-face-sharpen-denoise-lighting-upscale-2.7x-2048x2048.jpg 2048w, https:\/\/lyceebalzac.com\/wp-content\/uploads\/2025\/07\/fixedWhatsApp-Image-2025-07-17-at-08.21.32_3af5f6741-face-sharpen-denoise-lighting-upscale-2.7x-12x12.jpg 12w\" sizes=\"(max-width: 640px) 100vw, 640px\" \/>\t\t\t\t\t        <\/a>\r\n\t\t\t\t\t\t<\/div>\r\n\t\t\t\t\t\t<div class=\"instructor__content-2\">\r\n\t\t\t\t\t\t\t<h4 class=\"title\">\r\n\t\t\t\t\t\t\t<a href=\"https:\/\/lyceebalzac.com\/fr\/teams\/abir-fathallah\/\">Mme Abir Fathallah<\/a>\r\n\t\t\t\t\t\t\t<\/h4>\r\n\t\t\t\t\t\t\t\t\t\t\t\t\t\t\t<p>La directrice \u00e9gyptienne<\/p>\r\n\t\t\t\t\t\t\t\t\t\t\t\t\t<\/div>\r\n\t\t\t\t\t\t \r\n\t\t\t\t\t<\/div>\r\n\t\t\t\t<\/div>\r\n\t\t\t  \r\n\t<\/div>\r\n<\/div>\t\t\t\t<\/div>\n\t\t\t\t<\/div>\n\t\t\t\t\t<\/div>\n\t\t\t\t<\/div>\n\t\t\t\t<\/div>\n\t\t","protected":false},"excerpt":{"rendered":"<p>Au Lyc\u00e9e International Balzac, notre \u00e9quipe de direction incarne les valeurs d\u2019excellence, d\u2019ouverture culturelle et d\u2019engagement \u00e9ducatif. Sous la conduite de M. Abdelkader GOURARI, proviseur passionn\u00e9 et visionnaire, nous nous effor\u00e7ons de cr\u00e9er un environnement scolaire stimulant, bienveillant et multiculturel. Notre \u00e9quipe comprend des responsables dynamiques aux parcours vari\u00e9s, tous unis par une mission commune&#8230;<\/p>\n","protected":false},"author":1,"featured_media":0,"parent":0,"menu_order":0,"comment_status":"closed","ping_status":"closed","template":"","meta":{"footnotes":""},"class_list":["post-4846","page","type-page","status-publish","hentry"],"_links":{"self":[{"href":"https:\/\/lyceebalzac.com\/fr\/wp-json\/wp\/v2\/pages\/4846","targetHints":{"allow":["GET"]}}],"collection":[{"href":"https:\/\/lyceebalzac.com\/fr\/wp-json\/wp\/v2\/pages"}],"about":[{"href":"https:\/\/lyceebalzac.com\/fr\/wp-json\/wp\/v2\/types\/page"}],"author":[{"embeddable":true,"href":"https:\/\/lyceebalzac.com\/fr\/wp-json\/wp\/v2\/users\/1"}],"replies":[{"embeddable":true,"href":"https:\/\/lyceebalzac.com\/fr\/wp-json\/wp\/v2\/comments?post=4846"}],"version-history":[{"count":0,"href":"https:\/\/lyceebalzac.com\/fr\/wp-json\/wp\/v2\/pages\/4846\/revisions"}],"wp:attachment":[{"href":"https:\/\/lyceebalzac.com\/fr\/wp-json\/wp\/v2\/media?parent=4846"}],"curies":[{"name":"wp","href":"https:\/\/api.w.org\/{rel}","templated":true}]}}