{"id":4877,"date":"2025-07-09T14:44:16","date_gmt":"2025-07-09T11:44:16","guid":{"rendered":"https:\/\/lyceebalzac.com\/?page_id=4877"},"modified":"2025-07-15T11:21:44","modified_gmt":"2025-07-15T08:21:44","slug":"qui-sommes-nous","status":"publish","type":"page","link":"https:\/\/lyceebalzac.com\/fr\/qui-sommes-nous\/","title":{"rendered":"Qui sommes-nous ?"},"content":{"rendered":"\t\t<div data-elementor-type=\"wp-page\" data-elementor-id=\"4877\" class=\"elementor elementor-4877\" data-elementor-post-type=\"page\">\n\t\t\t\t<div class=\"elementor-element elementor-element-ed84e3b e-flex e-con-boxed e-con e-parent\" data-id=\"ed84e3b\" data-element_type=\"container\" data-e-type=\"container\">\n\t\t\t\t\t<div class=\"e-con-inner\">\n\t\t\t\t\t\t\t<h3 \n\t\tdata-interaction-id=\"f437548\" \n\t\tclass=\"e-f437548-d956198 e-heading-base\" \n\t\t \n\t\t\n\t>\n\t\n\t\t\tQui sommes-nous ?\n\t\t<\/h3>\n\t\t\t\t\t\t\t\t<p class=\"e-b931b99-bfe59d2 e-paragraph-base\" data-interaction-id=\"b931b99\"  >\n\t\t\t\t\t\t\t\tBienvenue au Lyc\u00e9e International Balzac, un \u00e9tablissement \u00e9ducatif engag\u00e9 \u00e0 former les citoyens de demain \u00e0 travers un enseignement riche, plurilingue et humaniste.\n\t\t\t\t\t<\/p>\n\t\t\t\t\t\t\t<h5 \n\t\tdata-interaction-id=\"065b74f\" \n\t\tclass=\"e-065b74f-092a83d e-heading-base\" \n\t\t \n\t\t\n\t>\n\t\n\t\t\tNotre Vision\n\t\t<\/h5>\n\t\t\t\t\t\t\t\t<p class=\"e-2b06f54-e2ba10a e-paragraph-base\" data-interaction-id=\"2b06f54\"  >\n\t\t\t\t\t\t\t\tCr\u00e9er un environnement d\u2019apprentissage qui stimule la curiosit\u00e9 intellectuelle, la pens\u00e9e critique, et l\u2019ouverture interculturelle \u2014 des valeurs indispensables dans un monde globalis\u00e9.\n\t\t\t\t\t<\/p>\n\t\t\t\t\t\t\t<h5 \n\t\tdata-interaction-id=\"c4f59be\" \n\t\tclass=\"e-c4f59be-eaa48d7 e-heading-base\" \n\t\t \n\t\t\n\t>\n\t\n\t\t\tNos Valeurs\n\t\t<\/h5>\n\t\t\t\t\t\t\t\t<p class=\"e-7fbf65b-adc2b67 e-paragraph-base\" data-interaction-id=\"7fbf65b\"  >\n\t\t\t\t\t\t\t\tExcellence acad\u00e9mique : Des standards p\u00e9dagogiques \u00e9lev\u00e9s pour cultiver le savoir et la r\u00e9flexion.\n\nDiversit\u00e9 linguistique : Fran\u00e7ais, anglais, arabe \u2014 nous c\u00e9l\u00e9brons le plurilinguisme pour favoriser la compr\u00e9hension globale.\n\nRespect et inclusion : Chaque \u00e9l\u00e8ve est accueilli, \u00e9cout\u00e9 et valoris\u00e9.\n\nResponsabilit\u00e9 sociale : Nous encourageons les \u00e9l\u00e8ves \u00e0 s\u2019engager activement dans leur communaut\u00e9.\n\t\t\t\t\t<\/p>\n\t\t\t\t\t\t\t<h5 \n\t\tdata-interaction-id=\"a77869f\" \n\t\tclass=\"e-a77869f-8302b56 e-heading-base\" \n\t\t \n\t\t\n\t>\n\t\n\t\t\tNotre Communaut\u00e9\n\t\t<\/h5>\n\t\t\t\t\t\t\t\t<p class=\"e-2950080-ea3ff90 e-paragraph-base\" data-interaction-id=\"2950080\"  >\n\t\t\t\t\t\t\t\tLe Lyc\u00e9e rassemble des enseignants passionn\u00e9s, des familles engag\u00e9es, et des \u00e9l\u00e8ves venus de divers horizons. Ensemble, nous cultivons une atmosph\u00e8re chaleureuse et respectueuse, propice \u00e0 l\u2019\u00e9panouissement de chacun.\n\t\t\t\t\t<\/p>\n\t\t\t\t\t\t\t<h5 \n\t\tdata-interaction-id=\"68170c8\" \n\t\tclass=\"e-68170c8-cf84ffe e-heading-base\" \n\t\t \n\t\t\n\t>\n\t\n\t\t\tNos Programmes\n\t\t<\/h5>\n\t\t\t\t\t\t\t\t<p class=\"e-cbe5a64-3164f9c e-paragraph-base\" data-interaction-id=\"cbe5a64\"  >\n\t\t\t\t\t\t\t\tDe la maternelle au lyc\u00e9e, nos parcours \u00e9ducatifs sont structur\u00e9s selon les standards internationaux tout en respectant les sp\u00e9cificit\u00e9s culturelles locales. Nos \u00e9l\u00e8ves b\u00e9n\u00e9ficient d\u2019une formation \u00e9quilibr\u00e9e entre sciences, lettres, arts et sport.\n\t\t\t\t\t<\/p>\n\t\t\t\t\t<\/div>\n\t\t\t\t<\/div>\n\t\t\t\t<\/div>\n\t\t","protected":false},"excerpt":{"rendered":"<p>Qui sommes-nous ? Bienvenue au Lyc\u00e9e International Balzac, un \u00e9tablissement \u00e9ducatif engag\u00e9 \u00e0 former les citoyens de demain \u00e0 travers un enseignement riche, plurilingue et humaniste. Notre Vision Cr\u00e9er un environnement d\u2019apprentissage qui stimule la curiosit\u00e9 intellectuelle, la pens\u00e9e critique, et l\u2019ouverture interculturelle \u2014 des valeurs indispensables dans un monde globalis\u00e9. Nos Valeurs Excellence acad\u00e9mique&#8230;<\/p>\n","protected":false},"author":1,"featured_media":0,"parent":0,"menu_order":0,"comment_status":"closed","ping_status":"closed","template":"","meta":{"footnotes":""},"class_list":["post-4877","page","type-page","status-publish","hentry"],"_links":{"self":[{"href":"https:\/\/lyceebalzac.com\/fr\/wp-json\/wp\/v2\/pages\/4877","targetHints":{"allow":["GET"]}}],"collection":[{"href":"https:\/\/lyceebalzac.com\/fr\/wp-json\/wp\/v2\/pages"}],"about":[{"href":"https:\/\/lyceebalzac.com\/fr\/wp-json\/wp\/v2\/types\/page"}],"author":[{"embeddable":true,"href":"https:\/\/lyceebalzac.com\/fr\/wp-json\/wp\/v2\/users\/1"}],"replies":[{"embeddable":true,"href":"https:\/\/lyceebalzac.com\/fr\/wp-json\/wp\/v2\/comments?post=4877"}],"version-history":[{"count":0,"href":"https:\/\/lyceebalzac.com\/fr\/wp-json\/wp\/v2\/pages\/4877\/revisions"}],"wp:attachment":[{"href":"https:\/\/lyceebalzac.com\/fr\/wp-json\/wp\/v2\/media?parent=4877"}],"curies":[{"name":"wp","href":"https:\/\/api.w.org\/{rel}","templated":true}]}}